{"id":124,"date":"2012-03-19T09:25:56","date_gmt":"2012-03-19T09:25:56","guid":{"rendered":"http:\/\/dhhn.grashuepferkonzept.de\/?page_id=124"},"modified":"2012-06-04T12:57:21","modified_gmt":"2012-06-04T12:57:21","slug":"rumanien-verteilzentrum-vurpar","status":"publish","type":"page","link":"https:\/\/www.dhhn.de\/en\/projekte\/rumanien-verteilzentrum-vurpar\/","title":{"rendered":"Rum\u00e4nien, Verteilzentrum Vurpar"},"content":{"rendered":"<p><strong>Unsere Zentrale in Rum\u00e4nien. Von hier aus werden die Hilfsg\u00fcter nach ganz Rum\u00e4nien verteilt.<\/strong><\/p>\n<p>[singlepic id=73 w=600 h= float=]<\/p>\n<p>Vurpar, ein ehemals deutsches Dorf mit dem Namen Burgberg. Es liegt in einer sch\u00f6nen und h\u00fcgeligen Landschaft, umgeben von Obstplantagen, \u00c4ckern und Buchenw\u00e4ldern. Hier leben rund 2000 Menschen. Eigentlich k\u00f6nnte es ihnen gut gehen, doch seit dem Umbruch zerfallen die landwirtschaftlichen Gro\u00dfbetriebe. Ein gro\u00dfer Teil der Bev\u00f6lkerung sind Zigeuner.<\/p>\n<p>[singlepic id=71 w=600 h= float=]<\/p>\n<p>Hier hat die DHHN ein Verteilzentrum. Geleitet wird es von der deutschst\u00e4mmigen Familie Stefani. Seit vielen Jahren arbeiten wir ausgezeichnet zusammen. Immer wieder klopft es an ihrer T\u00fcr oder das Telefon klingelt: Menschen in Not wenden sich an Stefanis und bitten um Hilfe.<\/p>\n<p>[singlepic id=72 w=600 h= float=]<\/p>\n<p>Regelm\u00e4\u00dfig bringt die DHHN Hilfsg\u00fcter hierher. Ein Teil wird meist mit dem Lkw weiterverteilt, der andere mit Pkws an Bed\u00fcrftige in ganz Rum\u00e4nien weitergegeben. Fr\u00fcher, bevor Rum\u00e4nien in der EU war, wickelten Stefanis auch die ganzen Zollformalit\u00e4ten ab.<\/p>\n<p>Sie k\u00f6nnen ganz einfach helfen: F\u00fcr 25 Euro k\u00f6nnen wir 200kg Hilfsg\u00fcter , f\u00fcr 50 Euro 400kg Hilfsg\u00fcter nach Vurpar bringen.<\/p>\n","protected":false},"excerpt":{"rendered":"<p>Unsere Zentrale in Rum\u00e4nien. Von hier aus werden die Hilfsg\u00fcter nach ganz Rum\u00e4nien verteilt. [singlepic id=73 w=600 h= float=] Vurpar, ein ehemals deutsches Dorf mit dem Namen Burgberg. Es liegt in einer sch\u00f6nen und h\u00fcgeligen Landschaft, umgeben von Obstplantagen, \u00c4ckern und Buchenw\u00e4ldern. Hier leben rund 2000 Menschen. Eigentlich k\u00f6nnte es ihnen gut gehen, doch seit [&hellip;]<\/p>\n","protected":false},"author":1,"featured_media":0,"parent":91,"menu_order":246,"comment_status":"open","ping_status":"closed","template":"","meta":{"_bbp_topic_count":0,"_bbp_reply_count":0,"_bbp_total_topic_count":0,"_bbp_total_reply_count":0,"_bbp_voice_count":0,"_bbp_anonymous_reply_count":0,"_bbp_topic_count_hidden":0,"_bbp_reply_count_hidden":0,"_bbp_forum_subforum_count":0,"footnotes":""},"categories":[],"tags":[],"class_list":["post-124","page","type-page","status-publish","hentry"],"_links":{"self":[{"href":"https:\/\/www.dhhn.de\/en\/wp-json\/wp\/v2\/pages\/124","targetHints":{"allow":["GET"]}}],"collection":[{"href":"https:\/\/www.dhhn.de\/en\/wp-json\/wp\/v2\/pages"}],"about":[{"href":"https:\/\/www.dhhn.de\/en\/wp-json\/wp\/v2\/types\/page"}],"author":[{"embeddable":true,"href":"https:\/\/www.dhhn.de\/en\/wp-json\/wp\/v2\/users\/1"}],"replies":[{"embeddable":true,"href":"https:\/\/www.dhhn.de\/en\/wp-json\/wp\/v2\/comments?post=124"}],"version-history":[{"count":4,"href":"https:\/\/www.dhhn.de\/en\/wp-json\/wp\/v2\/pages\/124\/revisions"}],"predecessor-version":[{"id":277,"href":"https:\/\/www.dhhn.de\/en\/wp-json\/wp\/v2\/pages\/124\/revisions\/277"}],"up":[{"embeddable":true,"href":"https:\/\/www.dhhn.de\/en\/wp-json\/wp\/v2\/pages\/91"}],"wp:attachment":[{"href":"https:\/\/www.dhhn.de\/en\/wp-json\/wp\/v2\/media?parent=124"}],"wp:term":[{"taxonomy":"category","embeddable":true,"href":"https:\/\/www.dhhn.de\/en\/wp-json\/wp\/v2\/categories?post=124"},{"taxonomy":"post_tag","embeddable":true,"href":"https:\/\/www.dhhn.de\/en\/wp-json\/wp\/v2\/tags?post=124"}],"curies":[{"name":"wp","href":"https:\/\/api.w.org\/{rel}","templated":true}]}}