{"id":132,"date":"2012-03-19T09:31:59","date_gmt":"2012-03-19T09:31:59","guid":{"rendered":"http:\/\/dhhn.grashuepferkonzept.de\/?page_id=132"},"modified":"2014-07-02T14:31:39","modified_gmt":"2014-07-02T14:31:39","slug":"moldawien-suppenkuchen","status":"publish","type":"page","link":"https:\/\/www.dhhn.de\/en\/projekte\/moldawien-suppenkuchen\/","title":{"rendered":"Moldawien, Suppenk\u00fcchen"},"content":{"rendered":"\n<style type=\"text\/css\" data-created_by=\"avia_inline_auto\" id=\"style-css-av-av_gallery-c9989f51dd1eab0550613ea9663e0cc8\">\n#top .avia-gallery.av-av_gallery-c9989f51dd1eab0550613ea9663e0cc8 .avia-gallery-thumb a{\nwidth:20%;\n}\n<\/style>\n<div  class='avia-gallery av-av_gallery-c9989f51dd1eab0550613ea9663e0cc8 avia_animate_when_visible  avia-builder-el-0  el_before_av_textblock  avia-builder-el-first  avia_lazyload av-slideshow-ui av-loop-manual-endless av-control-hidden av-navigate-arrows av-navigate-dots hover-effect av-control-hidden avia-gallery-animate avia-gallery-1'  itemprop=\"image\" itemscope=\"itemscope\" itemtype=\"https:\/\/schema.org\/ImageObject\" ><meta itemprop=\"contentURL\" content=\"https:\/\/www.dhhn.de\/en\/projekte\/moldawien-suppenkuchen\/\"><div class='avia-gallery-big-wrapper'><a class='avia-gallery-big fakeLightbox lightbox avia-gallery-big-crop-thumb ' href=\"https:\/\/www.dhhn.de\/wp-content\/uploads\/2014\/02\/DHHN-3877-2.jpg\" data-srcset=\"https:\/\/www.dhhn.de\/wp-content\/uploads\/2014\/02\/DHHN-3877-2.jpg 1030w, https:\/\/www.dhhn.de\/wp-content\/uploads\/2014\/02\/DHHN-3877-2-300x116.jpg 300w, https:\/\/www.dhhn.de\/wp-content\/uploads\/2014\/02\/DHHN-3877-2-705x273.jpg 705w, https:\/\/www.dhhn.de\/wp-content\/uploads\/2014\/02\/DHHN-3877-2-450x174.jpg 450w\" data-sizes=\"(max-width: 1030px) 100vw, 1030px\"  data-onclick='1' title='DHHN-3877-2' ><span class='avia-gallery-big-inner'  itemprop=\"thumbnailUrl\" ><img decoding=\"async\" fetchpriority=\"high\" class=\"wp-image-3022 avia-img-lazy-loading-not-3022\"  width=\"1030\" height=\"400\" src=\"https:\/\/www.dhhn.de\/wp-content\/uploads\/2014\/02\/DHHN-3877-2.jpg\" title='DHHN-3877-2' alt='' srcset=\"https:\/\/www.dhhn.de\/wp-content\/uploads\/2014\/02\/DHHN-3877-2.jpg 1030w, https:\/\/www.dhhn.de\/wp-content\/uploads\/2014\/02\/DHHN-3877-2-300x116.jpg 300w, https:\/\/www.dhhn.de\/wp-content\/uploads\/2014\/02\/DHHN-3877-2-705x273.jpg 705w, https:\/\/www.dhhn.de\/wp-content\/uploads\/2014\/02\/DHHN-3877-2-450x174.jpg 450w\" sizes=\"(max-width: 1030px) 100vw, 1030px\" \/><\/span><\/a><\/div><div class='avia-gallery-thumb'><a href=\"https:\/\/www.dhhn.de\/wp-content\/uploads\/2014\/02\/DHHN-3877-2.jpg\" data-srcset=\"https:\/\/www.dhhn.de\/wp-content\/uploads\/2014\/02\/DHHN-3877-2.jpg 1030w, https:\/\/www.dhhn.de\/wp-content\/uploads\/2014\/02\/DHHN-3877-2-300x116.jpg 300w, https:\/\/www.dhhn.de\/wp-content\/uploads\/2014\/02\/DHHN-3877-2-705x273.jpg 705w, https:\/\/www.dhhn.de\/wp-content\/uploads\/2014\/02\/DHHN-3877-2-450x174.jpg 450w\" data-sizes=\"(max-width: 1030px) 100vw, 1030px\" data-rel='gallery-1' data-prev-img='https:\/\/www.dhhn.de\/wp-content\/uploads\/2014\/02\/DHHN-3877-2.jpg' class='first_thumb lightbox ' data-onclick='1' title='DHHN-3877-2'  itemprop=\"thumbnailUrl\"  ><img decoding=\"async\" fetchpriority=\"high\" class=\"wp-image-3022 avia-img-lazy-loading-not-3022\"   src=\"https:\/\/www.dhhn.de\/wp-content\/uploads\/2014\/02\/DHHN-3877-2-705x273.jpg\" width=\"705\" height=\"273\"  title='DHHN-3877-2' alt='' srcset=\"https:\/\/www.dhhn.de\/wp-content\/uploads\/2014\/02\/DHHN-3877-2-705x273.jpg 705w, https:\/\/www.dhhn.de\/wp-content\/uploads\/2014\/02\/DHHN-3877-2-300x116.jpg 300w, https:\/\/www.dhhn.de\/wp-content\/uploads\/2014\/02\/DHHN-3877-2-450x174.jpg 450w, https:\/\/www.dhhn.de\/wp-content\/uploads\/2014\/02\/DHHN-3877-2.jpg 1030w\" sizes=\"(max-width: 705px) 100vw, 705px\" \/><div class='big-prev-fake'><img decoding=\"async\" loading=\"lazy\" class=\"wp-image-3022 avia-img-lazy-loading-3022\"  width=\"1030\" height=\"400\" src=\"https:\/\/www.dhhn.de\/wp-content\/uploads\/2014\/02\/DHHN-3877-2.jpg\" title='DHHN-3877-2' alt='' srcset=\"https:\/\/www.dhhn.de\/wp-content\/uploads\/2014\/02\/DHHN-3877-2.jpg 1030w, https:\/\/www.dhhn.de\/wp-content\/uploads\/2014\/02\/DHHN-3877-2-300x116.jpg 300w, https:\/\/www.dhhn.de\/wp-content\/uploads\/2014\/02\/DHHN-3877-2-705x273.jpg 705w, https:\/\/www.dhhn.de\/wp-content\/uploads\/2014\/02\/DHHN-3877-2-450x174.jpg 450w\" sizes=\"auto, (max-width: 1030px) 100vw, 1030px\" \/><\/div><\/a><a href=\"https:\/\/www.dhhn.de\/wp-content\/uploads\/2014\/02\/DHHN-3583.jpg\" data-srcset=\"https:\/\/www.dhhn.de\/wp-content\/uploads\/2014\/02\/DHHN-3583.jpg 1030w, https:\/\/www.dhhn.de\/wp-content\/uploads\/2014\/02\/DHHN-3583-300x116.jpg 300w, https:\/\/www.dhhn.de\/wp-content\/uploads\/2014\/02\/DHHN-3583-705x273.jpg 705w, https:\/\/www.dhhn.de\/wp-content\/uploads\/2014\/02\/DHHN-3583-450x174.jpg 450w\" data-sizes=\"(max-width: 1030px) 100vw, 1030px\" data-rel='gallery-1' data-prev-img='https:\/\/www.dhhn.de\/wp-content\/uploads\/2014\/02\/DHHN-3583.jpg' class='lightbox ' data-onclick='2' title='DHHN-3583'  itemprop=\"thumbnailUrl\"  ><img decoding=\"async\" fetchpriority=\"high\" class=\"wp-image-3026 avia-img-lazy-loading-not-3026\"   src=\"https:\/\/www.dhhn.de\/wp-content\/uploads\/2014\/02\/DHHN-3583-705x273.jpg\" width=\"705\" height=\"273\"  title='DHHN-3583' alt='' srcset=\"https:\/\/www.dhhn.de\/wp-content\/uploads\/2014\/02\/DHHN-3583-705x273.jpg 705w, https:\/\/www.dhhn.de\/wp-content\/uploads\/2014\/02\/DHHN-3583-300x116.jpg 300w, https:\/\/www.dhhn.de\/wp-content\/uploads\/2014\/02\/DHHN-3583-450x174.jpg 450w, https:\/\/www.dhhn.de\/wp-content\/uploads\/2014\/02\/DHHN-3583.jpg 1030w\" sizes=\"(max-width: 705px) 100vw, 705px\" \/><div class='big-prev-fake'><img decoding=\"async\" loading=\"lazy\" class=\"wp-image-3026 avia-img-lazy-loading-3026\"  width=\"1030\" height=\"400\" src=\"https:\/\/www.dhhn.de\/wp-content\/uploads\/2014\/02\/DHHN-3583.jpg\" title='DHHN-3583' alt='' srcset=\"https:\/\/www.dhhn.de\/wp-content\/uploads\/2014\/02\/DHHN-3583.jpg 1030w, https:\/\/www.dhhn.de\/wp-content\/uploads\/2014\/02\/DHHN-3583-300x116.jpg 300w, https:\/\/www.dhhn.de\/wp-content\/uploads\/2014\/02\/DHHN-3583-705x273.jpg 705w, https:\/\/www.dhhn.de\/wp-content\/uploads\/2014\/02\/DHHN-3583-450x174.jpg 450w\" sizes=\"auto, (max-width: 1030px) 100vw, 1030px\" \/><\/div><\/a><a href=\"https:\/\/www.dhhn.de\/wp-content\/uploads\/2014\/02\/DHHN-6191.jpg\" data-srcset=\"https:\/\/www.dhhn.de\/wp-content\/uploads\/2014\/02\/DHHN-6191.jpg 1030w, https:\/\/www.dhhn.de\/wp-content\/uploads\/2014\/02\/DHHN-6191-300x116.jpg 300w, https:\/\/www.dhhn.de\/wp-content\/uploads\/2014\/02\/DHHN-6191-705x273.jpg 705w, https:\/\/www.dhhn.de\/wp-content\/uploads\/2014\/02\/DHHN-6191-450x174.jpg 450w\" data-sizes=\"(max-width: 1030px) 100vw, 1030px\" data-rel='gallery-1' data-prev-img='https:\/\/www.dhhn.de\/wp-content\/uploads\/2014\/02\/DHHN-6191.jpg' class='lightbox ' data-onclick='3' title='DHHN-6191'  itemprop=\"thumbnailUrl\"  ><img decoding=\"async\" fetchpriority=\"high\" class=\"wp-image-3000 avia-img-lazy-loading-not-3000\"   src=\"https:\/\/www.dhhn.de\/wp-content\/uploads\/2014\/02\/DHHN-6191-705x273.jpg\" width=\"705\" height=\"273\"  title='DHHN-6191' alt='' srcset=\"https:\/\/www.dhhn.de\/wp-content\/uploads\/2014\/02\/DHHN-6191-705x273.jpg 705w, https:\/\/www.dhhn.de\/wp-content\/uploads\/2014\/02\/DHHN-6191-300x116.jpg 300w, https:\/\/www.dhhn.de\/wp-content\/uploads\/2014\/02\/DHHN-6191-450x174.jpg 450w, https:\/\/www.dhhn.de\/wp-content\/uploads\/2014\/02\/DHHN-6191.jpg 1030w\" sizes=\"(max-width: 705px) 100vw, 705px\" \/><div class='big-prev-fake'><img decoding=\"async\" loading=\"lazy\" class=\"wp-image-3000 avia-img-lazy-loading-3000\"  width=\"1030\" height=\"400\" src=\"https:\/\/www.dhhn.de\/wp-content\/uploads\/2014\/02\/DHHN-6191.jpg\" title='DHHN-6191' alt='' srcset=\"https:\/\/www.dhhn.de\/wp-content\/uploads\/2014\/02\/DHHN-6191.jpg 1030w, https:\/\/www.dhhn.de\/wp-content\/uploads\/2014\/02\/DHHN-6191-300x116.jpg 300w, https:\/\/www.dhhn.de\/wp-content\/uploads\/2014\/02\/DHHN-6191-705x273.jpg 705w, https:\/\/www.dhhn.de\/wp-content\/uploads\/2014\/02\/DHHN-6191-450x174.jpg 450w\" sizes=\"auto, (max-width: 1030px) 100vw, 1030px\" \/><\/div><\/a><a href=\"https:\/\/www.dhhn.de\/wp-content\/uploads\/2014\/02\/DHHN-6194.jpg\" data-srcset=\"https:\/\/www.dhhn.de\/wp-content\/uploads\/2014\/02\/DHHN-6194.jpg 1030w, https:\/\/www.dhhn.de\/wp-content\/uploads\/2014\/02\/DHHN-6194-300x116.jpg 300w, https:\/\/www.dhhn.de\/wp-content\/uploads\/2014\/02\/DHHN-6194-705x273.jpg 705w, https:\/\/www.dhhn.de\/wp-content\/uploads\/2014\/02\/DHHN-6194-450x174.jpg 450w\" data-sizes=\"(max-width: 1030px) 100vw, 1030px\" data-rel='gallery-1' data-prev-img='https:\/\/www.dhhn.de\/wp-content\/uploads\/2014\/02\/DHHN-6194.jpg' class='lightbox ' data-onclick='4' title='DHHN-6194'  itemprop=\"thumbnailUrl\"  ><img decoding=\"async\" fetchpriority=\"high\" class=\"wp-image-2999 avia-img-lazy-loading-not-2999\"   src=\"https:\/\/www.dhhn.de\/wp-content\/uploads\/2014\/02\/DHHN-6194-705x273.jpg\" width=\"705\" height=\"273\"  title='DHHN-6194' alt='' srcset=\"https:\/\/www.dhhn.de\/wp-content\/uploads\/2014\/02\/DHHN-6194-705x273.jpg 705w, https:\/\/www.dhhn.de\/wp-content\/uploads\/2014\/02\/DHHN-6194-300x116.jpg 300w, https:\/\/www.dhhn.de\/wp-content\/uploads\/2014\/02\/DHHN-6194-450x174.jpg 450w, https:\/\/www.dhhn.de\/wp-content\/uploads\/2014\/02\/DHHN-6194.jpg 1030w\" sizes=\"(max-width: 705px) 100vw, 705px\" \/><div class='big-prev-fake'><img decoding=\"async\" loading=\"lazy\" class=\"wp-image-2999 avia-img-lazy-loading-2999\"  width=\"1030\" height=\"400\" src=\"https:\/\/www.dhhn.de\/wp-content\/uploads\/2014\/02\/DHHN-6194.jpg\" title='DHHN-6194' alt='' srcset=\"https:\/\/www.dhhn.de\/wp-content\/uploads\/2014\/02\/DHHN-6194.jpg 1030w, https:\/\/www.dhhn.de\/wp-content\/uploads\/2014\/02\/DHHN-6194-300x116.jpg 300w, https:\/\/www.dhhn.de\/wp-content\/uploads\/2014\/02\/DHHN-6194-705x273.jpg 705w, https:\/\/www.dhhn.de\/wp-content\/uploads\/2014\/02\/DHHN-6194-450x174.jpg 450w\" sizes=\"auto, (max-width: 1030px) 100vw, 1030px\" \/><\/div><\/a><a href=\"https:\/\/www.dhhn.de\/wp-content\/uploads\/2014\/02\/DHHN-16-2.jpg\" data-srcset=\"https:\/\/www.dhhn.de\/wp-content\/uploads\/2014\/02\/DHHN-16-2.jpg 1030w, https:\/\/www.dhhn.de\/wp-content\/uploads\/2014\/02\/DHHN-16-2-300x116.jpg 300w, https:\/\/www.dhhn.de\/wp-content\/uploads\/2014\/02\/DHHN-16-2-705x273.jpg 705w, https:\/\/www.dhhn.de\/wp-content\/uploads\/2014\/02\/DHHN-16-2-450x174.jpg 450w\" data-sizes=\"(max-width: 1030px) 100vw, 1030px\" data-rel='gallery-1' data-prev-img='https:\/\/www.dhhn.de\/wp-content\/uploads\/2014\/02\/DHHN-16-2.jpg' class='lightbox ' data-onclick='5' title='OLYMPUS DIGITAL CAMERA'  itemprop=\"thumbnailUrl\"  ><img decoding=\"async\" fetchpriority=\"high\" class=\"wp-image-3004 avia-img-lazy-loading-not-3004\"   src=\"https:\/\/www.dhhn.de\/wp-content\/uploads\/2014\/02\/DHHN-16-2-705x273.jpg\" width=\"705\" height=\"273\"  title='OLYMPUS DIGITAL CAMERA' alt='' srcset=\"https:\/\/www.dhhn.de\/wp-content\/uploads\/2014\/02\/DHHN-16-2-705x273.jpg 705w, https:\/\/www.dhhn.de\/wp-content\/uploads\/2014\/02\/DHHN-16-2-300x116.jpg 300w, https:\/\/www.dhhn.de\/wp-content\/uploads\/2014\/02\/DHHN-16-2-450x174.jpg 450w, https:\/\/www.dhhn.de\/wp-content\/uploads\/2014\/02\/DHHN-16-2.jpg 1030w\" sizes=\"(max-width: 705px) 100vw, 705px\" \/><div class='big-prev-fake'><img decoding=\"async\" loading=\"lazy\" class=\"wp-image-3004 avia-img-lazy-loading-3004\"  width=\"1030\" height=\"400\" src=\"https:\/\/www.dhhn.de\/wp-content\/uploads\/2014\/02\/DHHN-16-2.jpg\" title='OLYMPUS DIGITAL CAMERA' alt='' srcset=\"https:\/\/www.dhhn.de\/wp-content\/uploads\/2014\/02\/DHHN-16-2.jpg 1030w, https:\/\/www.dhhn.de\/wp-content\/uploads\/2014\/02\/DHHN-16-2-300x116.jpg 300w, https:\/\/www.dhhn.de\/wp-content\/uploads\/2014\/02\/DHHN-16-2-705x273.jpg 705w, https:\/\/www.dhhn.de\/wp-content\/uploads\/2014\/02\/DHHN-16-2-450x174.jpg 450w\" sizes=\"auto, (max-width: 1030px) 100vw, 1030px\" \/><\/div><\/a><a href=\"https:\/\/www.dhhn.de\/wp-content\/uploads\/2014\/02\/DHHN-547.jpg\" data-srcset=\"https:\/\/www.dhhn.de\/wp-content\/uploads\/2014\/02\/DHHN-547.jpg 1030w, https:\/\/www.dhhn.de\/wp-content\/uploads\/2014\/02\/DHHN-547-300x116.jpg 300w, https:\/\/www.dhhn.de\/wp-content\/uploads\/2014\/02\/DHHN-547-705x273.jpg 705w, https:\/\/www.dhhn.de\/wp-content\/uploads\/2014\/02\/DHHN-547-450x174.jpg 450w\" data-sizes=\"(max-width: 1030px) 100vw, 1030px\" data-rel='gallery-1' data-prev-img='https:\/\/www.dhhn.de\/wp-content\/uploads\/2014\/02\/DHHN-547.jpg' class='first_thumb lightbox ' data-onclick='6' title='DHHN-547'  itemprop=\"thumbnailUrl\"  ><img decoding=\"async\" fetchpriority=\"high\" class=\"wp-image-2995 avia-img-lazy-loading-not-2995\"   src=\"https:\/\/www.dhhn.de\/wp-content\/uploads\/2014\/02\/DHHN-547-705x273.jpg\" width=\"705\" height=\"273\"  title='DHHN-547' alt='' srcset=\"https:\/\/www.dhhn.de\/wp-content\/uploads\/2014\/02\/DHHN-547-705x273.jpg 705w, https:\/\/www.dhhn.de\/wp-content\/uploads\/2014\/02\/DHHN-547-300x116.jpg 300w, https:\/\/www.dhhn.de\/wp-content\/uploads\/2014\/02\/DHHN-547-450x174.jpg 450w, https:\/\/www.dhhn.de\/wp-content\/uploads\/2014\/02\/DHHN-547.jpg 1030w\" sizes=\"(max-width: 705px) 100vw, 705px\" \/><div class='big-prev-fake'><img decoding=\"async\" loading=\"lazy\" class=\"wp-image-2995 avia-img-lazy-loading-2995\"  width=\"1030\" height=\"400\" src=\"https:\/\/www.dhhn.de\/wp-content\/uploads\/2014\/02\/DHHN-547.jpg\" title='DHHN-547' alt='' srcset=\"https:\/\/www.dhhn.de\/wp-content\/uploads\/2014\/02\/DHHN-547.jpg 1030w, https:\/\/www.dhhn.de\/wp-content\/uploads\/2014\/02\/DHHN-547-300x116.jpg 300w, https:\/\/www.dhhn.de\/wp-content\/uploads\/2014\/02\/DHHN-547-705x273.jpg 705w, https:\/\/www.dhhn.de\/wp-content\/uploads\/2014\/02\/DHHN-547-450x174.jpg 450w\" sizes=\"auto, (max-width: 1030px) 100vw, 1030px\" \/><\/div><\/a><a href=\"https:\/\/www.dhhn.de\/wp-content\/uploads\/2014\/02\/DHHN-88722.jpg\" data-srcset=\"https:\/\/www.dhhn.de\/wp-content\/uploads\/2014\/02\/DHHN-88722.jpg 1030w, https:\/\/www.dhhn.de\/wp-content\/uploads\/2014\/02\/DHHN-88722-300x116.jpg 300w, https:\/\/www.dhhn.de\/wp-content\/uploads\/2014\/02\/DHHN-88722-705x273.jpg 705w, https:\/\/www.dhhn.de\/wp-content\/uploads\/2014\/02\/DHHN-88722-450x174.jpg 450w\" data-sizes=\"(max-width: 1030px) 100vw, 1030px\" data-rel='gallery-1' data-prev-img='https:\/\/www.dhhn.de\/wp-content\/uploads\/2014\/02\/DHHN-88722.jpg' class='lightbox ' data-onclick='7' title='KONICA MINOLTA DIGITAL CAMERA'  itemprop=\"thumbnailUrl\"  ><img decoding=\"async\" fetchpriority=\"high\" class=\"wp-image-2961 avia-img-lazy-loading-not-2961\"   src=\"https:\/\/www.dhhn.de\/wp-content\/uploads\/2014\/02\/DHHN-88722-705x273.jpg\" width=\"705\" height=\"273\"  title='KONICA MINOLTA DIGITAL CAMERA' alt='' srcset=\"https:\/\/www.dhhn.de\/wp-content\/uploads\/2014\/02\/DHHN-88722-705x273.jpg 705w, https:\/\/www.dhhn.de\/wp-content\/uploads\/2014\/02\/DHHN-88722-300x116.jpg 300w, https:\/\/www.dhhn.de\/wp-content\/uploads\/2014\/02\/DHHN-88722-450x174.jpg 450w, https:\/\/www.dhhn.de\/wp-content\/uploads\/2014\/02\/DHHN-88722.jpg 1030w\" sizes=\"(max-width: 705px) 100vw, 705px\" \/><div class='big-prev-fake'><img decoding=\"async\" loading=\"lazy\" class=\"wp-image-2961 avia-img-lazy-loading-2961\"  width=\"1030\" height=\"400\" src=\"https:\/\/www.dhhn.de\/wp-content\/uploads\/2014\/02\/DHHN-88722.jpg\" title='KONICA MINOLTA DIGITAL CAMERA' alt='' srcset=\"https:\/\/www.dhhn.de\/wp-content\/uploads\/2014\/02\/DHHN-88722.jpg 1030w, https:\/\/www.dhhn.de\/wp-content\/uploads\/2014\/02\/DHHN-88722-300x116.jpg 300w, https:\/\/www.dhhn.de\/wp-content\/uploads\/2014\/02\/DHHN-88722-705x273.jpg 705w, https:\/\/www.dhhn.de\/wp-content\/uploads\/2014\/02\/DHHN-88722-450x174.jpg 450w\" sizes=\"auto, (max-width: 1030px) 100vw, 1030px\" \/><\/div><\/a><a href=\"https:\/\/www.dhhn.de\/wp-content\/uploads\/2014\/02\/DHHN-04618.jpg\" data-srcset=\"https:\/\/www.dhhn.de\/wp-content\/uploads\/2014\/02\/DHHN-04618.jpg 1030w, https:\/\/www.dhhn.de\/wp-content\/uploads\/2014\/02\/DHHN-04618-300x116.jpg 300w, https:\/\/www.dhhn.de\/wp-content\/uploads\/2014\/02\/DHHN-04618-705x273.jpg 705w, https:\/\/www.dhhn.de\/wp-content\/uploads\/2014\/02\/DHHN-04618-450x174.jpg 450w\" data-sizes=\"(max-width: 1030px) 100vw, 1030px\" data-rel='gallery-1' data-prev-img='https:\/\/www.dhhn.de\/wp-content\/uploads\/2014\/02\/DHHN-04618.jpg' class='lightbox ' data-onclick='8' title='DHHN-04618'  itemprop=\"thumbnailUrl\"  ><img decoding=\"async\" fetchpriority=\"high\" class=\"wp-image-2933 avia-img-lazy-loading-not-2933\"   src=\"https:\/\/www.dhhn.de\/wp-content\/uploads\/2014\/02\/DHHN-04618-705x273.jpg\" width=\"705\" height=\"273\"  title='DHHN-04618' alt='' srcset=\"https:\/\/www.dhhn.de\/wp-content\/uploads\/2014\/02\/DHHN-04618-705x273.jpg 705w, https:\/\/www.dhhn.de\/wp-content\/uploads\/2014\/02\/DHHN-04618-300x116.jpg 300w, https:\/\/www.dhhn.de\/wp-content\/uploads\/2014\/02\/DHHN-04618-450x174.jpg 450w, https:\/\/www.dhhn.de\/wp-content\/uploads\/2014\/02\/DHHN-04618.jpg 1030w\" sizes=\"(max-width: 705px) 100vw, 705px\" \/><div class='big-prev-fake'><img decoding=\"async\" loading=\"lazy\" class=\"wp-image-2933 avia-img-lazy-loading-2933\"  width=\"1030\" height=\"400\" src=\"https:\/\/www.dhhn.de\/wp-content\/uploads\/2014\/02\/DHHN-04618.jpg\" title='DHHN-04618' alt='' srcset=\"https:\/\/www.dhhn.de\/wp-content\/uploads\/2014\/02\/DHHN-04618.jpg 1030w, https:\/\/www.dhhn.de\/wp-content\/uploads\/2014\/02\/DHHN-04618-300x116.jpg 300w, https:\/\/www.dhhn.de\/wp-content\/uploads\/2014\/02\/DHHN-04618-705x273.jpg 705w, https:\/\/www.dhhn.de\/wp-content\/uploads\/2014\/02\/DHHN-04618-450x174.jpg 450w\" sizes=\"auto, (max-width: 1030px) 100vw, 1030px\" \/><\/div><\/a><\/div><\/div>\n<section  class='av_textblock_section av-av_textblock-a7bac4a6e49c8eb47262a43fda825da8 '   itemscope=\"itemscope\" itemtype=\"https:\/\/schema.org\/CreativeWork\" ><div class='avia_textblock'  itemprop=\"text\" ><p><strong>Warme Suppe. Als Highlight des Tages.<\/strong><\/p>\n<p>Ein warmes Essen f\u00fcr Stra\u00dfenkinder im \u00e4rmsten Land Europas! Die Armut im Land ist nicht zu \u00fcbersehen. W\u00e4hrend sich in Rum\u00e4nien, wo die Armut auch gro\u00df ist, in den gro\u00dfen St\u00e4dten und an den Hauptstra\u00dfen westliche Firmen, Superm\u00e4rkte und Tankstellen niederlassen, sieht man von all dem in Moldawien gar nichts. F\u00e4hrt man nachts durch Moldawien, sieht man fast kein Licht, keine Leuchtreklame oder bunte Werbung. Alles ist dunkel und grau. Die meisten D\u00f6rfer haben keine Wasserleitungen, \u00fcberall sieht man Brunnen. Die Menschen haben keine Perspektive, es gibt keine Arbeitspl\u00e4tze. Man lebt von dem wenigen, was man im Garten anbauen kann. Vielleicht noch ein paar H\u00fchner und eine Ziege. Der Lebensstandard liegt hier unter dem der Philippinen oder Bolivien.<\/p>\n<p>Die meisten jungen Leute verlassen das Land und suchen im Ausland Arbeit. So bleiben die Kinder und die alten Leute alleine zur\u00fcck, keiner k\u00fcmmert sich um Sie. Die Preise in den wenigen L\u00e4den sind fast so hoch wie bei uns &#8211; also unbezahlbar. Die Lage in Moldawien ist wirklich katastrophal. Hier unterst\u00fctzt die DHHN ein Suppenk\u00fcchenprojekt f\u00fcr Stra\u00dfen- und Waisenkinder. Besonders der Winter ist hart f\u00fcr die Kinder auf der Stra\u00dfe. Doch durch Ihre Unterst\u00fctzung\u00a0 bekommen diese Kinder warme Mahlzeiten und werden betreut. Au\u00dferdem werden sie in regelm\u00e4\u00dfigen Abst\u00e4nden eingekleidet. \u00a0Diese Armut hautnah zu erleben macht sehr betroffen. Die gesamte Organisation unseres Projektpartners bei der Verteilung von Hilfsg\u00fctern ist vorbildlich. Obwohl die Grenze und der Zoll uns immer wieder herausfordern, fahre ich sehr gerne in dieses sch\u00f6ne aber sehr arme Land.<\/p>\n<p>[singlepic id=85 w=600 h=240 float=]<\/p>\n<p>Sie k\u00f6nnen ganz einfach helfen: F\u00fcr 25 Euro k\u00f6nnen wir 200kg Hilfsg\u00fcter , f\u00fcr 50 Euro 400kg Hilfsg\u00fcter nach Moldawien bringen.<\/p>\n<p><strong>Altenheim und Heim f\u00fcr behinderte junge Menschen<\/strong><\/p>\n<p>Besuch bei einem der zahlreichen Projekte in Moldawien, die mit unseren Hilfsg\u00fctern versorgt werden:<\/p>\n<p>Auf extrem schlechten Stra\u00dfen, oder eher Wegen, f\u00e4hrt man durch ein Stadtviertel den Berg hinauf. Oben wird\u2019s pl\u00f6tzlich ordentlich, und man sieht gro\u00dfe, gepflegte Geb\u00e4ude. Ich werde von Viktor empfangen. Viktor ist ein Moldawier, war aber in die USA ausgewandert und hat auch die amerikanische Staatsb\u00fcrgerschaft. Doch er kam zur\u00fcck, um den Menschen in seinem Volk zu helfen. Als Pastor ist ihm nicht nur das Seelenheil ein Anliegen. Nein, er k\u00fcmmert sich ganz praktisch um die N\u00f6te der Menschen.<\/p>\n<p>[singlepic id=361 w=600 h=240 float=] <em>&#8230;Igor, Gr\u00fcnder und Leiter<\/em><\/p>\n<p>In einem Altenheim nimmt er Menschen auf, die keine Hoffnung mehr haben. Zum Beispiel Svetlana (Name ge\u00e4ndert). Ihr ging es gut, sie wohnte in der Stadt, war gebildet, hatte ein eigenes Haus und eine kleine Rente. Sie kam gut zurecht, bis zum wahrscheinlich schlimmsten Tag in ihrem Leben: Mehrere M\u00e4nner kamen mit Polizei an ihr Haus und warfen sie aus ihrem eigenen Haus, welches ihre Familie seit Generationen besa\u00df. Sie w\u00fcrde illegal darin wohnen. Alles bitten und flehen half nichts. Sie musste sofort das Haus verlassen, konnte nichts mitnehmen. Wie kam es dazu? Einer der M\u00e4nner hat, wahrscheinlich mit Bestechung, sich in der Stadtverwaltung das Haus auf seinen Namen schreiben lassen. Einfach so.<\/p>\n<p>Die Frau hatte s\u00e4mtliches Vertrauen in die Menschheit verloren und suchte sich einen Platz auf den Feldern. Es war Herbst. Dort grub sie sich ein Loch, in dem sie wohnte. Ihre einzigen Freunde waren die Stra\u00dfenhunde. Weil es so kalt war, legten sich nachts zwei Hunde auf sie, um sie zu w\u00e4rmen.<\/p>\n<p>[singlepic id=360 w=600 h=240 float=]<\/p>\n<p>Viktor fand sie und wollte ihr helfen. Doch sie glaubte ihm nicht, da sie keinerlei Vertrauen mehr hatte. Er bot ihr an, im Altenheim einen Platz zu bekommen, doch sie traute sich nicht. Nach vielen Besuchen kam sie dann doch mal zur Probe mit\u2026 Nun wohnt sie im Altenheim und ist dankbar, dankbar f\u00fcr ein warmes, weiches Bett, Wahlm\u00f6glichkeiten und Essen. Ihre gr\u00f6\u00dfte Sorge war, was mit ihren Hunden passiert, doch auf daf\u00fcr fand Viktor eine L\u00f6sung. Svetlana ist nur eine von \u00fcber 50 alten Menschen in diesem Heim. Wie viel Elend hat Viktor schon gesehen, wie vielen Menschen neue Hoffnung gegeben\u2026<\/p>\n<p>Eines Tages spricht ihn der Direktor eines Kinderheims f\u00fcr behinderte Kinder an. Hintergrundinfo: Bis zum 18. Geburtstag sind behinderte Kinder in Moldawien im Kinderheim f\u00fcr behinderte Kinder, danach kommen sie ins Heim f\u00fcr psychisch Kranke. Mit Gittern vor den Fenstern und Stahlt\u00fcren. Schlimmste Zust\u00e4nde. F\u00fcr die k\u00f6rperlich behinderten jungen Menschen, die ja im Kopf total fit sind, der Horror! Viktor erf\u00e4hrt von dem Direktor all dies und ist bereit, zwei Jungs, die aus den oben genannten Gr\u00fcnden in die Psychiatrie gebracht werden sollten, im Altenheim unterzubringen. Einen, Iwan (Name ge\u00e4ndert), habe ich kennengelernt. K\u00f6rperlich schwer behindert, aber total nett und fit. Sein Hobby: Er repariert f\u00fcr alle Leute im Heim die Handys. Und mit reparieren meine ich reparieren und nicht nur eine H\u00fclle auswechseln. Ich war schwer beeindruckt.<\/p>\n<p>[singlepic id=362 w=600 h=240 float=]<\/p>\n<p>In Windeseile sprach es sich in den Heimen herum, dass Viktor nun auch behinderte junge Menschen aufnimmt. Doch eigentlich funktioniert da nicht, junge Menschen im Altenheim. Deshalb hat Viktor und seine Leute ein neues Projekt gestartet, ein Heim f\u00fcr behinderte junge Menschen. W\u00e4hrend ich zu Besuch war, ist gerade ein Team aus der Schweiz da und legt Hand bei den Renovierungsarbeiten an.<\/p>\n<p>Wie er das Haus bekommen hat, statt f\u00fcr 30000\u20ac f\u00fcr ein paar Hundert \u20ac, ist eine eigene Geschichte\u2026<\/p>\n<p>[singlepic id=358 w=600 h=240 float=]<\/p>\n<p>Viktor hat einen sehr guten Ruf, w\u00e4hrend wir so durchs Dorf fuhren, konnte er mir fasst zu jeder Familie was erz\u00e4hlen. Und erstaunlich viele kommen in die Gemeinde. Ein weiteres Projekt ist die Sorge um alte Menschen in ihren H\u00e4usern. Wir haben noch eine alte Blinde Frau in ihrem Haus besucht. Junge Leute vom Schweizer Team haben es entr\u00fcmpelt und gereinigt. Nun bekommt sie von unseren Hilfsg\u00fctern eine neue Matratze usw.<\/p>\n<p>[singlepic id=354 w=600 h=240 float=]<\/p>\n<p>[singlepic id=355 w=600 h=240 float=] &#8230;sie teilte ihre Matratze mit den Ratten<\/p>\n<p>DHHN unterst\u00fctzt dieses Projekt mit regelm\u00e4\u00dfigen Hilfsg\u00fctertransporten mit Lebensmitteln, Kleidung, Matratzen usw.<\/p>\n<p>Danke, dass Sie uns dabei helfen! Jetzt <a title=\"Jetzt spenden\" href=\"https:\/\/www.dhhn.de\/spenden\/jetzt-spenden\/\">spenden<\/a>!<\/p>\n<\/div><\/section>\n","protected":false},"excerpt":{"rendered":"","protected":false},"author":1,"featured_media":0,"parent":91,"menu_order":221,"comment_status":"open","ping_status":"closed","template":"","meta":{"_bbp_topic_count":0,"_bbp_reply_count":0,"_bbp_total_topic_count":0,"_bbp_total_reply_count":0,"_bbp_voice_count":0,"_bbp_anonymous_reply_count":0,"_bbp_topic_count_hidden":0,"_bbp_reply_count_hidden":0,"_bbp_forum_subforum_count":0,"footnotes":""},"categories":[],"tags":[],"class_list":["post-132","page","type-page","status-publish","hentry"],"_links":{"self":[{"href":"https:\/\/www.dhhn.de\/en\/wp-json\/wp\/v2\/pages\/132","targetHints":{"allow":["GET"]}}],"collection":[{"href":"https:\/\/www.dhhn.de\/en\/wp-json\/wp\/v2\/pages"}],"about":[{"href":"https:\/\/www.dhhn.de\/en\/wp-json\/wp\/v2\/types\/page"}],"author":[{"embeddable":true,"href":"https:\/\/www.dhhn.de\/en\/wp-json\/wp\/v2\/users\/1"}],"replies":[{"embeddable":true,"href":"https:\/\/www.dhhn.de\/en\/wp-json\/wp\/v2\/comments?post=132"}],"version-history":[{"count":16,"href":"https:\/\/www.dhhn.de\/en\/wp-json\/wp\/v2\/pages\/132\/revisions"}],"predecessor-version":[{"id":22095,"href":"https:\/\/www.dhhn.de\/en\/wp-json\/wp\/v2\/pages\/132\/revisions\/22095"}],"up":[{"embeddable":true,"href":"https:\/\/www.dhhn.de\/en\/wp-json\/wp\/v2\/pages\/91"}],"wp:attachment":[{"href":"https:\/\/www.dhhn.de\/en\/wp-json\/wp\/v2\/media?parent=132"}],"wp:term":[{"taxonomy":"category","embeddable":true,"href":"https:\/\/www.dhhn.de\/en\/wp-json\/wp\/v2\/categories?post=132"},{"taxonomy":"post_tag","embeddable":true,"href":"https:\/\/www.dhhn.de\/en\/wp-json\/wp\/v2\/tags?post=132"}],"curies":[{"name":"wp","href":"https:\/\/api.w.org\/{rel}","templated":true}]}}