{"id":19056,"date":"2020-12-22T18:43:43","date_gmt":"2020-12-22T18:43:43","guid":{"rendered":"https:\/\/www.dhhn.de\/belarus-addressing-poverty-in-minsk\/"},"modified":"2020-12-22T18:43:43","modified_gmt":"2020-12-22T18:43:43","slug":"belarus-addressing-poverty-in-minsk","status":"publish","type":"page","link":"https:\/\/www.dhhn.de\/en\/belarus-addressing-poverty-in-minsk\/","title":{"rendered":"Belarus: Addressing Poverty in Minsk"},"content":{"rendered":"\n<style type=\"text\/css\" data-created_by=\"avia_inline_auto\" id=\"style-css-av-av_gallery-c339e7a84c01b5e21a2fb45e50552f9f\">\n#top .avia-gallery.av-av_gallery-c339e7a84c01b5e21a2fb45e50552f9f .avia-gallery-thumb a{\nwidth:20%;\n}\n<\/style>\n<div  class='avia-gallery av-av_gallery-c339e7a84c01b5e21a2fb45e50552f9f avia_animate_when_visible  avia-builder-el-0  el_before_av_textblock  avia-builder-el-first  avia_lazyload av-slideshow-ui av-loop-manual-endless av-control-hidden av-navigate-arrows av-navigate-dots hover-effect av-control-hidden avia-gallery-animate avia-gallery-1'  itemprop=\"image\" itemscope=\"itemscope\" itemtype=\"https:\/\/schema.org\/ImageObject\" ><meta itemprop=\"contentURL\" content=\"https:\/\/www.dhhn.de\/en\/belarus-addressing-poverty-in-minsk\/\"><div class='avia-gallery-big-wrapper'><a class='avia-gallery-big fakeLightbox lightbox avia-gallery-big-crop-thumb ' href=\"https:\/\/www.dhhn.de\/wp-content\/uploads\/2014\/02\/DHHN-5571.jpg\" data-srcset=\"https:\/\/www.dhhn.de\/wp-content\/uploads\/2014\/02\/DHHN-5571.jpg 1030w, https:\/\/www.dhhn.de\/wp-content\/uploads\/2014\/02\/DHHN-5571-300x116.jpg 300w, https:\/\/www.dhhn.de\/wp-content\/uploads\/2014\/02\/DHHN-5571-705x273.jpg 705w, https:\/\/www.dhhn.de\/wp-content\/uploads\/2014\/02\/DHHN-5571-450x174.jpg 450w\" data-sizes=\"(max-width: 1030px) 100vw, 1030px\"  data-onclick='1' title='DHHN-5571' ><span class='avia-gallery-big-inner'  itemprop=\"thumbnailUrl\" ><img decoding=\"async\" fetchpriority=\"high\" class=\"wp-image-3017 avia-img-lazy-loading-not-3017\"  width=\"1030\" height=\"400\" src=\"https:\/\/www.dhhn.de\/wp-content\/uploads\/2014\/02\/DHHN-5571.jpg\" title='DHHN-5571' alt='' srcset=\"https:\/\/www.dhhn.de\/wp-content\/uploads\/2014\/02\/DHHN-5571.jpg 1030w, https:\/\/www.dhhn.de\/wp-content\/uploads\/2014\/02\/DHHN-5571-300x116.jpg 300w, https:\/\/www.dhhn.de\/wp-content\/uploads\/2014\/02\/DHHN-5571-705x273.jpg 705w, https:\/\/www.dhhn.de\/wp-content\/uploads\/2014\/02\/DHHN-5571-450x174.jpg 450w\" sizes=\"(max-width: 1030px) 100vw, 1030px\" \/><\/span><\/a><\/div><div class='avia-gallery-thumb'><a href=\"https:\/\/www.dhhn.de\/wp-content\/uploads\/2014\/02\/DHHN-5571.jpg\" data-srcset=\"https:\/\/www.dhhn.de\/wp-content\/uploads\/2014\/02\/DHHN-5571.jpg 1030w, https:\/\/www.dhhn.de\/wp-content\/uploads\/2014\/02\/DHHN-5571-300x116.jpg 300w, https:\/\/www.dhhn.de\/wp-content\/uploads\/2014\/02\/DHHN-5571-705x273.jpg 705w, https:\/\/www.dhhn.de\/wp-content\/uploads\/2014\/02\/DHHN-5571-450x174.jpg 450w\" data-sizes=\"(max-width: 1030px) 100vw, 1030px\" data-rel='gallery-1' data-prev-img='https:\/\/www.dhhn.de\/wp-content\/uploads\/2014\/02\/DHHN-5571.jpg' class='first_thumb lightbox ' data-onclick='1' title='DHHN-5571'  itemprop=\"thumbnailUrl\"  ><img decoding=\"async\" fetchpriority=\"high\" class=\"wp-image-3017 avia-img-lazy-loading-not-3017\"   src=\"https:\/\/www.dhhn.de\/wp-content\/uploads\/2014\/02\/DHHN-5571-705x273.jpg\" width=\"705\" height=\"273\"  title='DHHN-5571' alt='' srcset=\"https:\/\/www.dhhn.de\/wp-content\/uploads\/2014\/02\/DHHN-5571-705x273.jpg 705w, https:\/\/www.dhhn.de\/wp-content\/uploads\/2014\/02\/DHHN-5571-300x116.jpg 300w, https:\/\/www.dhhn.de\/wp-content\/uploads\/2014\/02\/DHHN-5571-450x174.jpg 450w, https:\/\/www.dhhn.de\/wp-content\/uploads\/2014\/02\/DHHN-5571.jpg 1030w\" sizes=\"(max-width: 705px) 100vw, 705px\" \/><div class='big-prev-fake'><img decoding=\"async\" loading=\"lazy\" class=\"wp-image-3017 avia-img-lazy-loading-3017\"  width=\"1030\" height=\"400\" src=\"https:\/\/www.dhhn.de\/wp-content\/uploads\/2014\/02\/DHHN-5571.jpg\" title='DHHN-5571' alt='' srcset=\"https:\/\/www.dhhn.de\/wp-content\/uploads\/2014\/02\/DHHN-5571.jpg 1030w, https:\/\/www.dhhn.de\/wp-content\/uploads\/2014\/02\/DHHN-5571-300x116.jpg 300w, https:\/\/www.dhhn.de\/wp-content\/uploads\/2014\/02\/DHHN-5571-705x273.jpg 705w, https:\/\/www.dhhn.de\/wp-content\/uploads\/2014\/02\/DHHN-5571-450x174.jpg 450w\" sizes=\"auto, (max-width: 1030px) 100vw, 1030px\" \/><\/div><\/a><a href=\"https:\/\/www.dhhn.de\/wp-content\/uploads\/2014\/02\/DHHN-1631.jpg\" data-srcset=\"https:\/\/www.dhhn.de\/wp-content\/uploads\/2014\/02\/DHHN-1631.jpg 1030w, https:\/\/www.dhhn.de\/wp-content\/uploads\/2014\/02\/DHHN-1631-300x116.jpg 300w, https:\/\/www.dhhn.de\/wp-content\/uploads\/2014\/02\/DHHN-1631-705x273.jpg 705w, https:\/\/www.dhhn.de\/wp-content\/uploads\/2014\/02\/DHHN-1631-450x174.jpg 450w\" data-sizes=\"(max-width: 1030px) 100vw, 1030px\" data-rel='gallery-1' data-prev-img='https:\/\/www.dhhn.de\/wp-content\/uploads\/2014\/02\/DHHN-1631.jpg' class='lightbox ' data-onclick='2' title='DHHN-1631'  itemprop=\"thumbnailUrl\"  ><img decoding=\"async\" fetchpriority=\"high\" class=\"wp-image-2991 avia-img-lazy-loading-not-2991\"   src=\"https:\/\/www.dhhn.de\/wp-content\/uploads\/2014\/02\/DHHN-1631-705x273.jpg\" width=\"705\" height=\"273\"  title='DHHN-1631' alt='' srcset=\"https:\/\/www.dhhn.de\/wp-content\/uploads\/2014\/02\/DHHN-1631-705x273.jpg 705w, https:\/\/www.dhhn.de\/wp-content\/uploads\/2014\/02\/DHHN-1631-300x116.jpg 300w, https:\/\/www.dhhn.de\/wp-content\/uploads\/2014\/02\/DHHN-1631-450x174.jpg 450w, https:\/\/www.dhhn.de\/wp-content\/uploads\/2014\/02\/DHHN-1631.jpg 1030w\" sizes=\"(max-width: 705px) 100vw, 705px\" \/><div class='big-prev-fake'><img decoding=\"async\" loading=\"lazy\" class=\"wp-image-2991 avia-img-lazy-loading-2991\"  width=\"1030\" height=\"400\" src=\"https:\/\/www.dhhn.de\/wp-content\/uploads\/2014\/02\/DHHN-1631.jpg\" title='DHHN-1631' alt='' srcset=\"https:\/\/www.dhhn.de\/wp-content\/uploads\/2014\/02\/DHHN-1631.jpg 1030w, https:\/\/www.dhhn.de\/wp-content\/uploads\/2014\/02\/DHHN-1631-300x116.jpg 300w, https:\/\/www.dhhn.de\/wp-content\/uploads\/2014\/02\/DHHN-1631-705x273.jpg 705w, https:\/\/www.dhhn.de\/wp-content\/uploads\/2014\/02\/DHHN-1631-450x174.jpg 450w\" sizes=\"auto, (max-width: 1030px) 100vw, 1030px\" \/><\/div><\/a><a href=\"https:\/\/www.dhhn.de\/wp-content\/uploads\/2014\/02\/DHHN-2608.jpg\" data-srcset=\"https:\/\/www.dhhn.de\/wp-content\/uploads\/2014\/02\/DHHN-2608.jpg 1030w, https:\/\/www.dhhn.de\/wp-content\/uploads\/2014\/02\/DHHN-2608-300x116.jpg 300w, https:\/\/www.dhhn.de\/wp-content\/uploads\/2014\/02\/DHHN-2608-705x273.jpg 705w, https:\/\/www.dhhn.de\/wp-content\/uploads\/2014\/02\/DHHN-2608-450x174.jpg 450w\" data-sizes=\"(max-width: 1030px) 100vw, 1030px\" data-rel='gallery-1' data-prev-img='https:\/\/www.dhhn.de\/wp-content\/uploads\/2014\/02\/DHHN-2608.jpg' class='lightbox ' data-onclick='3' title='DHHN-2608'  itemprop=\"thumbnailUrl\"  ><img decoding=\"async\" fetchpriority=\"high\" class=\"wp-image-3029 avia-img-lazy-loading-not-3029\"   src=\"https:\/\/www.dhhn.de\/wp-content\/uploads\/2014\/02\/DHHN-2608-705x273.jpg\" width=\"705\" height=\"273\"  title='DHHN-2608' alt='' srcset=\"https:\/\/www.dhhn.de\/wp-content\/uploads\/2014\/02\/DHHN-2608-705x273.jpg 705w, https:\/\/www.dhhn.de\/wp-content\/uploads\/2014\/02\/DHHN-2608-300x116.jpg 300w, https:\/\/www.dhhn.de\/wp-content\/uploads\/2014\/02\/DHHN-2608-450x174.jpg 450w, https:\/\/www.dhhn.de\/wp-content\/uploads\/2014\/02\/DHHN-2608.jpg 1030w\" sizes=\"(max-width: 705px) 100vw, 705px\" \/><div class='big-prev-fake'><img decoding=\"async\" loading=\"lazy\" class=\"wp-image-3029 avia-img-lazy-loading-3029\"  width=\"1030\" height=\"400\" src=\"https:\/\/www.dhhn.de\/wp-content\/uploads\/2014\/02\/DHHN-2608.jpg\" title='DHHN-2608' alt='' srcset=\"https:\/\/www.dhhn.de\/wp-content\/uploads\/2014\/02\/DHHN-2608.jpg 1030w, https:\/\/www.dhhn.de\/wp-content\/uploads\/2014\/02\/DHHN-2608-300x116.jpg 300w, https:\/\/www.dhhn.de\/wp-content\/uploads\/2014\/02\/DHHN-2608-705x273.jpg 705w, https:\/\/www.dhhn.de\/wp-content\/uploads\/2014\/02\/DHHN-2608-450x174.jpg 450w\" sizes=\"auto, (max-width: 1030px) 100vw, 1030px\" \/><\/div><\/a><\/div><\/div>\n<section  class='av_textblock_section av-av_textblock-a7bac4a6e49c8eb47262a43fda825da8 '   itemscope=\"itemscope\" itemtype=\"https:\/\/schema.org\/CreativeWork\" ><div class='avia_textblock'  itemprop=\"text\" ><p><strong>Arm und drogenabh\u00e4ngig. HELP!<\/strong><\/p>\n<p>[singlepic id=17 w=600 h=235 float=]<\/p>\n<p>Unser Partner I. leitet eine Arbeit unter kriminellen und sozialen Randgruppen in Minsk: Drogenreha und Armenhilfe Minsk. Im kommunistischen Wei\u00dfrussland ist die Armut gro\u00df. Die Preise sind hoch, der Verdienst gering, die Inflation immens. Viele Menschen ertr\u00e4nken ihre Sorgen im Alkohol. 40% der Bev\u00f6lkerung sind alkoholabh\u00e4ngig. Schon Kindern wird Wodka in die Nukkelflasche gef\u00fcllt, damit sie ruhig und tief schlafen.<\/p>\n<p>[singlepic id=16 w=600 h=235 float=]<\/p>\n<p>Dieser Not m\u00f6chte Igor begegnen: Er leitet eine Drogenreha und verschiedene soziale Hilfsprojekte wie z.B. Armenspeisung. Immer wieder sammeln Igor und seine Helfer betrunkene Menschen, die nachts irgendwo in der Stadt liegen und erfrieren w\u00fcrden, auf.\u00a0 Ihnen wird ein Platz in der Reha angeboten, damit sie ein neues Leben beginnen k\u00f6nnen. \u00dcber 60% der ehemals S\u00fcchtigen werden \u201ctrocken\u201c und fangen ein neues Leben an. F\u00fcr sein soziales Engagement ist er vom B\u00fcrgermeister ausgezeichnet worden &#8211; obwohl er Christ ist.<\/p>\n<p>[singlepic id=15 w=600 h=235 float=]<\/p>\n<p>Regelm\u00e4\u00dfig unterst\u00fctzen wir dieses Projekt mit Hilfsg\u00fctern, auch wenn der Zoll uns teilweise erhebliche Schwierigkeiten macht.<\/p>\n<\/div><\/section>\n","protected":false},"excerpt":{"rendered":"","protected":false},"author":1,"featured_media":0,"parent":0,"menu_order":151,"comment_status":"open","ping_status":"closed","template":"","meta":{"_bbp_topic_count":0,"_bbp_reply_count":0,"_bbp_total_topic_count":0,"_bbp_total_reply_count":0,"_bbp_voice_count":0,"_bbp_anonymous_reply_count":0,"_bbp_topic_count_hidden":0,"_bbp_reply_count_hidden":0,"_bbp_forum_subforum_count":0,"footnotes":""},"categories":[],"tags":[],"class_list":["post-19056","page","type-page","status-publish","hentry"],"_links":{"self":[{"href":"https:\/\/www.dhhn.de\/en\/wp-json\/wp\/v2\/pages\/19056","targetHints":{"allow":["GET"]}}],"collection":[{"href":"https:\/\/www.dhhn.de\/en\/wp-json\/wp\/v2\/pages"}],"about":[{"href":"https:\/\/www.dhhn.de\/en\/wp-json\/wp\/v2\/types\/page"}],"author":[{"embeddable":true,"href":"https:\/\/www.dhhn.de\/en\/wp-json\/wp\/v2\/users\/1"}],"replies":[{"embeddable":true,"href":"https:\/\/www.dhhn.de\/en\/wp-json\/wp\/v2\/comments?post=19056"}],"version-history":[{"count":1,"href":"https:\/\/www.dhhn.de\/en\/wp-json\/wp\/v2\/pages\/19056\/revisions"}],"predecessor-version":[{"id":19057,"href":"https:\/\/www.dhhn.de\/en\/wp-json\/wp\/v2\/pages\/19056\/revisions\/19057"}],"wp:attachment":[{"href":"https:\/\/www.dhhn.de\/en\/wp-json\/wp\/v2\/media?parent=19056"}],"wp:term":[{"taxonomy":"category","embeddable":true,"href":"https:\/\/www.dhhn.de\/en\/wp-json\/wp\/v2\/categories?post=19056"},{"taxonomy":"post_tag","embeddable":true,"href":"https:\/\/www.dhhn.de\/en\/wp-json\/wp\/v2\/tags?post=19056"}],"curies":[{"name":"wp","href":"https:\/\/api.w.org\/{rel}","templated":true}]}}