{"id":20834,"date":"2021-02-24T09:53:16","date_gmt":"2021-02-24T09:53:16","guid":{"rendered":"https:\/\/www.dhhn.de\/?page_id=20834"},"modified":"2021-02-24T10:10:53","modified_gmt":"2021-02-24T10:10:53","slug":"ukraine-kinderhaus-fuer-waisenkinder","status":"publish","type":"page","link":"https:\/\/www.dhhn.de\/en\/ukraine-kinderhaus-fuer-waisenkinder\/","title":{"rendered":"Ukraine Kinderhaus f\u00fcr Waisenkinder"},"content":{"rendered":"\n<style type=\"text\/css\" data-created_by=\"avia_inline_auto\" id=\"style-css-av-q3vbmq-c43a315a31d848a4556e94595e889289\">\n.flex_column.av-q3vbmq-c43a315a31d848a4556e94595e889289{\nborder-radius:0px 0px 0px 0px;\npadding:0px 0px 0px 0px;\n}\n<\/style>\n<div  class='flex_column av-q3vbmq-c43a315a31d848a4556e94595e889289 av_one_full  avia-builder-el-0  avia-builder-el-no-sibling  first flex_column_div av-zero-column-padding  '     ><p>\n<style type=\"text\/css\" data-created_by=\"avia_inline_auto\" id=\"style-css-av-klj9zl1k-765c43dc7be52cd7d269e3b2dea36096\">\n#top .avia-gallery.av-klj9zl1k-765c43dc7be52cd7d269e3b2dea36096 .avia-gallery-thumb a{\nwidth:20%;\n}\n<\/style>\n<div  class='avia-gallery av-klj9zl1k-765c43dc7be52cd7d269e3b2dea36096 avia_animate_when_visible  avia-builder-el-1  el_before_av_hr  avia-builder-el-first  avia_lazyload av-slideshow-ui av-loop-manual-endless av-control-hidden av-navigate-arrows av-navigate-dots hover-effect av-control-hidden avia-gallery-animate avia-gallery-1'  itemprop=\"image\" itemscope=\"itemscope\" itemtype=\"https:\/\/schema.org\/ImageObject\" ><meta itemprop=\"contentURL\" content=\"https:\/\/www.dhhn.de\/en\/ukraine-kinderhaus-fuer-waisenkinder\/\"><div class='avia-gallery-big-wrapper'><a class='avia-gallery-big fakeLightbox lightbox avia-gallery-big-crop-thumb ' href=\"https:\/\/www.dhhn.de\/wp-content\/uploads\/2021\/02\/Waisenhilfe-14-von-15.jpg\" data-srcset=\"https:\/\/www.dhhn.de\/wp-content\/uploads\/2021\/02\/Waisenhilfe-14-von-15.jpg 1920w, https:\/\/www.dhhn.de\/wp-content\/uploads\/2021\/02\/Waisenhilfe-14-von-15-1500x1000.jpg 1500w, https:\/\/www.dhhn.de\/wp-content\/uploads\/2021\/02\/Waisenhilfe-14-von-15-100x67.jpg 100w, https:\/\/www.dhhn.de\/wp-content\/uploads\/2021\/02\/Waisenhilfe-14-von-15-768x512.jpg 768w, https:\/\/www.dhhn.de\/wp-content\/uploads\/2021\/02\/Waisenhilfe-14-von-15-1536x1024.jpg 1536w, https:\/\/www.dhhn.de\/wp-content\/uploads\/2021\/02\/Waisenhilfe-14-von-15-705x470.jpg 705w\" data-sizes=\"(max-width: 1500px) 100vw, 1500px\"  data-onclick='1' title='Haus f\u00fcr Waisenkinder in der Ukraine' ><span class='avia-gallery-big-inner'  itemprop=\"thumbnailUrl\" ><img decoding=\"async\" fetchpriority=\"high\" class=\"wp-image-20838 avia-img-lazy-loading-not-20838\"  width=\"1920\" height=\"1280\" src=\"https:\/\/www.dhhn.de\/wp-content\/uploads\/2021\/02\/Waisenhilfe-14-von-15.jpg\" title='Waisenhilfe (14 von 15)' alt='Haus f\u00fcr Waisenkinder in der Ukraine' srcset=\"https:\/\/www.dhhn.de\/wp-content\/uploads\/2021\/02\/Waisenhilfe-14-von-15.jpg 1920w, https:\/\/www.dhhn.de\/wp-content\/uploads\/2021\/02\/Waisenhilfe-14-von-15-1500x1000.jpg 1500w, https:\/\/www.dhhn.de\/wp-content\/uploads\/2021\/02\/Waisenhilfe-14-von-15-100x67.jpg 100w, https:\/\/www.dhhn.de\/wp-content\/uploads\/2021\/02\/Waisenhilfe-14-von-15-768x512.jpg 768w, https:\/\/www.dhhn.de\/wp-content\/uploads\/2021\/02\/Waisenhilfe-14-von-15-1536x1024.jpg 1536w, https:\/\/www.dhhn.de\/wp-content\/uploads\/2021\/02\/Waisenhilfe-14-von-15-705x470.jpg 705w\" sizes=\"(max-width: 1920px) 100vw, 1920px\" \/><span class='avia-gallery-caption'>Haus f\u00fcr Waisenkinder in der Ukraine<\/span><\/span><\/a><\/div><div class='avia-gallery-thumb'><a href=\"https:\/\/www.dhhn.de\/wp-content\/uploads\/2021\/02\/Waisenhilfe-14-von-15.jpg\" data-srcset=\"https:\/\/www.dhhn.de\/wp-content\/uploads\/2021\/02\/Waisenhilfe-14-von-15.jpg 1920w, https:\/\/www.dhhn.de\/wp-content\/uploads\/2021\/02\/Waisenhilfe-14-von-15-1500x1000.jpg 1500w, https:\/\/www.dhhn.de\/wp-content\/uploads\/2021\/02\/Waisenhilfe-14-von-15-100x67.jpg 100w, https:\/\/www.dhhn.de\/wp-content\/uploads\/2021\/02\/Waisenhilfe-14-von-15-768x512.jpg 768w, https:\/\/www.dhhn.de\/wp-content\/uploads\/2021\/02\/Waisenhilfe-14-von-15-1536x1024.jpg 1536w, https:\/\/www.dhhn.de\/wp-content\/uploads\/2021\/02\/Waisenhilfe-14-von-15-705x470.jpg 705w\" data-sizes=\"(max-width: 1500px) 100vw, 1500px\" data-rel='gallery-1' data-prev-img='https:\/\/www.dhhn.de\/wp-content\/uploads\/2021\/02\/Waisenhilfe-14-von-15.jpg' class='first_thumb lightbox ' data-onclick='1' title='Haus f\u00fcr Waisenkinder in der Ukraine'  itemprop=\"thumbnailUrl\"  ><img decoding=\"async\" fetchpriority=\"high\" class=\"wp-image-20838 avia-img-lazy-loading-not-20838\"  data-avia-tooltip='Haus f\u00fcr Waisenkinder in der Ukraine' src=\"https:\/\/www.dhhn.de\/wp-content\/uploads\/2021\/02\/Waisenhilfe-14-von-15-495x400.jpg\" width=\"495\" height=\"400\"  title='Waisenhilfe (14 von 15)' alt='Haus f\u00fcr Waisenkinder in der Ukraine' srcset=\"https:\/\/www.dhhn.de\/wp-content\/uploads\/2021\/02\/Waisenhilfe-14-von-15-495x400.jpg 495w, https:\/\/www.dhhn.de\/wp-content\/uploads\/2021\/02\/Waisenhilfe-14-von-15-845x684.jpg 845w\" sizes=\"(max-width: 495px) 100vw, 495px\" \/><div class='big-prev-fake'><img decoding=\"async\" loading=\"lazy\" class=\"wp-image-20838 avia-img-lazy-loading-20838\"  width=\"1920\" height=\"1280\" src=\"https:\/\/www.dhhn.de\/wp-content\/uploads\/2021\/02\/Waisenhilfe-14-von-15.jpg\" title='Waisenhilfe (14 von 15)' alt='Haus f\u00fcr Waisenkinder in der Ukraine' srcset=\"https:\/\/www.dhhn.de\/wp-content\/uploads\/2021\/02\/Waisenhilfe-14-von-15.jpg 1920w, https:\/\/www.dhhn.de\/wp-content\/uploads\/2021\/02\/Waisenhilfe-14-von-15-1500x1000.jpg 1500w, https:\/\/www.dhhn.de\/wp-content\/uploads\/2021\/02\/Waisenhilfe-14-von-15-100x67.jpg 100w, https:\/\/www.dhhn.de\/wp-content\/uploads\/2021\/02\/Waisenhilfe-14-von-15-768x512.jpg 768w, https:\/\/www.dhhn.de\/wp-content\/uploads\/2021\/02\/Waisenhilfe-14-von-15-1536x1024.jpg 1536w, https:\/\/www.dhhn.de\/wp-content\/uploads\/2021\/02\/Waisenhilfe-14-von-15-705x470.jpg 705w\" sizes=\"auto, (max-width: 1920px) 100vw, 1920px\" \/><\/div><\/a><a href=\"https:\/\/www.dhhn.de\/wp-content\/uploads\/2021\/02\/Waisenhilfe-11-von-15.jpg\" data-srcset=\"https:\/\/www.dhhn.de\/wp-content\/uploads\/2021\/02\/Waisenhilfe-11-von-15.jpg 1920w, https:\/\/www.dhhn.de\/wp-content\/uploads\/2021\/02\/Waisenhilfe-11-von-15-1500x1000.jpg 1500w, https:\/\/www.dhhn.de\/wp-content\/uploads\/2021\/02\/Waisenhilfe-11-von-15-100x67.jpg 100w, https:\/\/www.dhhn.de\/wp-content\/uploads\/2021\/02\/Waisenhilfe-11-von-15-768x512.jpg 768w, https:\/\/www.dhhn.de\/wp-content\/uploads\/2021\/02\/Waisenhilfe-11-von-15-1536x1024.jpg 1536w, https:\/\/www.dhhn.de\/wp-content\/uploads\/2021\/02\/Waisenhilfe-11-von-15-705x470.jpg 705w\" data-sizes=\"(max-width: 1500px) 100vw, 1500px\" data-rel='gallery-1' data-prev-img='https:\/\/www.dhhn.de\/wp-content\/uploads\/2021\/02\/Waisenhilfe-11-von-15.jpg' class='lightbox ' data-onclick='2' title='Haus f\u00fcr Waisenkinder in der Ukraine'  itemprop=\"thumbnailUrl\"  ><img decoding=\"async\" fetchpriority=\"high\" class=\"wp-image-20842 avia-img-lazy-loading-not-20842\"  data-avia-tooltip='Haus f\u00fcr Waisenkinder in der Ukraine' src=\"https:\/\/www.dhhn.de\/wp-content\/uploads\/2021\/02\/Waisenhilfe-11-von-15-495x400.jpg\" width=\"495\" height=\"400\"  title='Waisenhilfe (11 von 15)' alt='Haus f\u00fcr Waisenkinder in der Ukraine' srcset=\"https:\/\/www.dhhn.de\/wp-content\/uploads\/2021\/02\/Waisenhilfe-11-von-15-495x400.jpg 495w, https:\/\/www.dhhn.de\/wp-content\/uploads\/2021\/02\/Waisenhilfe-11-von-15-845x684.jpg 845w\" sizes=\"(max-width: 495px) 100vw, 495px\" \/><div class='big-prev-fake'><img decoding=\"async\" loading=\"lazy\" class=\"wp-image-20842 avia-img-lazy-loading-20842\"  width=\"1920\" height=\"1280\" src=\"https:\/\/www.dhhn.de\/wp-content\/uploads\/2021\/02\/Waisenhilfe-11-von-15.jpg\" title='Waisenhilfe (11 von 15)' alt='Haus f\u00fcr Waisenkinder in der Ukraine' srcset=\"https:\/\/www.dhhn.de\/wp-content\/uploads\/2021\/02\/Waisenhilfe-11-von-15.jpg 1920w, https:\/\/www.dhhn.de\/wp-content\/uploads\/2021\/02\/Waisenhilfe-11-von-15-1500x1000.jpg 1500w, https:\/\/www.dhhn.de\/wp-content\/uploads\/2021\/02\/Waisenhilfe-11-von-15-100x67.jpg 100w, https:\/\/www.dhhn.de\/wp-content\/uploads\/2021\/02\/Waisenhilfe-11-von-15-768x512.jpg 768w, https:\/\/www.dhhn.de\/wp-content\/uploads\/2021\/02\/Waisenhilfe-11-von-15-1536x1024.jpg 1536w, https:\/\/www.dhhn.de\/wp-content\/uploads\/2021\/02\/Waisenhilfe-11-von-15-705x470.jpg 705w\" sizes=\"auto, (max-width: 1920px) 100vw, 1920px\" \/><\/div><\/a><a href=\"https:\/\/www.dhhn.de\/wp-content\/uploads\/2021\/02\/DHHN-06489.jpg\" data-srcset=\"https:\/\/www.dhhn.de\/wp-content\/uploads\/2021\/02\/DHHN-06489.jpg 1820w, https:\/\/www.dhhn.de\/wp-content\/uploads\/2021\/02\/DHHN-06489-1500x659.jpg 1500w, https:\/\/www.dhhn.de\/wp-content\/uploads\/2021\/02\/DHHN-06489-100x44.jpg 100w, https:\/\/www.dhhn.de\/wp-content\/uploads\/2021\/02\/DHHN-06489-768x338.jpg 768w, https:\/\/www.dhhn.de\/wp-content\/uploads\/2021\/02\/DHHN-06489-1536x675.jpg 1536w, https:\/\/www.dhhn.de\/wp-content\/uploads\/2021\/02\/DHHN-06489-705x310.jpg 705w\" data-sizes=\"(max-width: 1500px) 100vw, 1500px\" data-rel='gallery-1' data-prev-img='https:\/\/www.dhhn.de\/wp-content\/uploads\/2021\/02\/DHHN-06489.jpg' class='lightbox ' data-onclick='3' title='Haus f\u00fcr Waisenkinder in der Ukraine'  itemprop=\"thumbnailUrl\"  ><img decoding=\"async\" fetchpriority=\"high\" class=\"wp-image-20840 avia-img-lazy-loading-not-20840\"  data-avia-tooltip='Haus f\u00fcr Waisenkinder in der Ukraine' src=\"https:\/\/www.dhhn.de\/wp-content\/uploads\/2021\/02\/DHHN-06489-495x400.jpg\" width=\"495\" height=\"400\"  title='DHHN-06489' alt='Haus f\u00fcr Waisenkinder in der Ukraine' srcset=\"https:\/\/www.dhhn.de\/wp-content\/uploads\/2021\/02\/DHHN-06489-495x400.jpg 495w, https:\/\/www.dhhn.de\/wp-content\/uploads\/2021\/02\/DHHN-06489-845x684.jpg 845w\" sizes=\"(max-width: 495px) 100vw, 495px\" \/><div class='big-prev-fake'><img decoding=\"async\" loading=\"lazy\" class=\"wp-image-20840 avia-img-lazy-loading-20840\"  width=\"1820\" height=\"800\" src=\"https:\/\/www.dhhn.de\/wp-content\/uploads\/2021\/02\/DHHN-06489.jpg\" title='DHHN-06489' alt='Haus f\u00fcr Waisenkinder in der Ukraine' srcset=\"https:\/\/www.dhhn.de\/wp-content\/uploads\/2021\/02\/DHHN-06489.jpg 1820w, https:\/\/www.dhhn.de\/wp-content\/uploads\/2021\/02\/DHHN-06489-1500x659.jpg 1500w, https:\/\/www.dhhn.de\/wp-content\/uploads\/2021\/02\/DHHN-06489-100x44.jpg 100w, https:\/\/www.dhhn.de\/wp-content\/uploads\/2021\/02\/DHHN-06489-768x338.jpg 768w, https:\/\/www.dhhn.de\/wp-content\/uploads\/2021\/02\/DHHN-06489-1536x675.jpg 1536w, https:\/\/www.dhhn.de\/wp-content\/uploads\/2021\/02\/DHHN-06489-705x310.jpg 705w\" sizes=\"auto, (max-width: 1820px) 100vw, 1820px\" \/><\/div><\/a><a href=\"https:\/\/www.dhhn.de\/wp-content\/uploads\/2021\/02\/Waisenhilfe-12-von-15.jpg\" data-srcset=\"https:\/\/www.dhhn.de\/wp-content\/uploads\/2021\/02\/Waisenhilfe-12-von-15.jpg 1920w, https:\/\/www.dhhn.de\/wp-content\/uploads\/2021\/02\/Waisenhilfe-12-von-15-1500x1000.jpg 1500w, https:\/\/www.dhhn.de\/wp-content\/uploads\/2021\/02\/Waisenhilfe-12-von-15-100x67.jpg 100w, https:\/\/www.dhhn.de\/wp-content\/uploads\/2021\/02\/Waisenhilfe-12-von-15-768x512.jpg 768w, https:\/\/www.dhhn.de\/wp-content\/uploads\/2021\/02\/Waisenhilfe-12-von-15-1536x1024.jpg 1536w, https:\/\/www.dhhn.de\/wp-content\/uploads\/2021\/02\/Waisenhilfe-12-von-15-705x470.jpg 705w\" data-sizes=\"(max-width: 1500px) 100vw, 1500px\" data-rel='gallery-1' data-prev-img='https:\/\/www.dhhn.de\/wp-content\/uploads\/2021\/02\/Waisenhilfe-12-von-15.jpg' class='lightbox ' data-onclick='4' title='Haus f\u00fcr Waisenkinder in der Ukraine'  itemprop=\"thumbnailUrl\"  ><img decoding=\"async\" fetchpriority=\"high\" class=\"wp-image-20836 avia-img-lazy-loading-not-20836\"  data-avia-tooltip='Haus f\u00fcr Waisenkinder in der Ukraine' src=\"https:\/\/www.dhhn.de\/wp-content\/uploads\/2021\/02\/Waisenhilfe-12-von-15-495x400.jpg\" width=\"495\" height=\"400\"  title='Waisenhilfe (12 von 15)' alt='Haus f\u00fcr Waisenkinder in der Ukraine' srcset=\"https:\/\/www.dhhn.de\/wp-content\/uploads\/2021\/02\/Waisenhilfe-12-von-15-495x400.jpg 495w, https:\/\/www.dhhn.de\/wp-content\/uploads\/2021\/02\/Waisenhilfe-12-von-15-845x684.jpg 845w\" sizes=\"(max-width: 495px) 100vw, 495px\" \/><div class='big-prev-fake'><img decoding=\"async\" loading=\"lazy\" class=\"wp-image-20836 avia-img-lazy-loading-20836\"  width=\"1920\" height=\"1280\" src=\"https:\/\/www.dhhn.de\/wp-content\/uploads\/2021\/02\/Waisenhilfe-12-von-15.jpg\" title='Waisenhilfe (12 von 15)' alt='Haus f\u00fcr Waisenkinder in der Ukraine' srcset=\"https:\/\/www.dhhn.de\/wp-content\/uploads\/2021\/02\/Waisenhilfe-12-von-15.jpg 1920w, https:\/\/www.dhhn.de\/wp-content\/uploads\/2021\/02\/Waisenhilfe-12-von-15-1500x1000.jpg 1500w, https:\/\/www.dhhn.de\/wp-content\/uploads\/2021\/02\/Waisenhilfe-12-von-15-100x67.jpg 100w, https:\/\/www.dhhn.de\/wp-content\/uploads\/2021\/02\/Waisenhilfe-12-von-15-768x512.jpg 768w, https:\/\/www.dhhn.de\/wp-content\/uploads\/2021\/02\/Waisenhilfe-12-von-15-1536x1024.jpg 1536w, https:\/\/www.dhhn.de\/wp-content\/uploads\/2021\/02\/Waisenhilfe-12-von-15-705x470.jpg 705w\" sizes=\"auto, (max-width: 1920px) 100vw, 1920px\" \/><\/div><\/a><\/div><\/div><br \/>\n\n<style type=\"text\/css\" data-created_by=\"avia_inline_auto\" id=\"style-css-av-klja1mwp-c0b0db2df1507b2b6ad89daf76b9f636\">\n#top .hr.hr-invisible.av-klja1mwp-c0b0db2df1507b2b6ad89daf76b9f636{\nheight:50px;\n}\n<\/style>\n<div  class='hr av-klja1mwp-c0b0db2df1507b2b6ad89daf76b9f636 hr-invisible  avia-builder-el-2  el_after_av_gallery  el_before_av_textblock '><span class='hr-inner '><span class=\"hr-inner-style\"><\/span><\/span><\/div><br \/>\n<section  class='av_textblock_section av-klj99nbs-a094baf9c45fe3e728ce2006b2fb3f89 '   itemscope=\"itemscope\" itemtype=\"https:\/\/schema.org\/CreativeWork\" ><div class='avia_textblock'  itemprop=\"text\" ><h1>Waisenkinder. Jungs und M\u00e4dchen &#8211; Familie statt ein Leben ohne Eltern.<\/h1>\n<p>In der Ukraine ist die Not gro\u00df, besonders die Waisenkinder haben es sehr schwer. Kinder, die ohne Liebe, Annahme und Wertsch\u00e4tzung leben. Kinder, die keine Mama und keinen Papa haben. Kinder, die keine Zukunft haben.<\/p>\n<h3>Kinderheime f\u00fcr Waisenkinder in der Ukraine abgeschafft.<\/h3>\n<p>Auch in der Ukraine gibt es inzwischen keine gro\u00dfen Kinderheime mehr. Und das ist auch gut so! Was haben wir in den fr\u00fcheren Jahren f\u00fcr Elend und Not in diesen Heimen mit den gro\u00dfen Schlafs\u00e4len gesehen, und was haben wir alles dazu beigetragen, um diese Lage etwas zu verbessern. Aufgrund der Ann\u00e4herung der Ukraine an die EU m\u00fcssen ab jetzt auch viele Vorgaben der EU umgesetzt werden. Jetzt leben die Waisenkinder eben nicht mehr im Heim, sondern in Familien, dieses Modell wird mehr und mehr umgesetzt. Das ist eine gute Sache, denn so d\u00fcrfen die Kinder in einer viel besseren Umgebung in einer Familie aufwachsen.<\/p>\n<h3>Familien f\u00fcr Waisenkinder.<\/h3>\n<p>Mit unserem Partner, der Waisenhilfe Ukraine, k\u00f6nnen wir diesen Kindern helfen. In ein Haus, welches nun ausgebaut wird, werden zwei Familien einziehen. Jede Familie wird bis zu 10 Waisenkinder aufnehmen und den Kinder Heimat, Geborgenheit, Liebe, Annahme und all das schenken, was Kinder zu gro\u00dfwerden brauchen.<\/p>\n<h3>Investieren Sie in die Zukunft!<\/h3>\n<p>Wir freuen uns, dass wir so in die Zukunft investieren k\u00f6nnen! Mit Ihrer Spende helfen Sie mit, dieses Haus auszubauen, damit bald die Familien einziehen k\u00f6nnen. Herzlichen Dank!<\/p>\n<\/div><\/section><br \/>\n\n<style type=\"text\/css\" data-created_by=\"avia_inline_auto\" id=\"style-css-av-klja1t9w-d703cd7ceeb027b5ffaec42bec0e6e1b\">\n#top .hr.hr-invisible.av-klja1t9w-d703cd7ceeb027b5ffaec42bec0e6e1b{\nheight:50px;\n}\n<\/style>\n<div  class='hr av-klja1t9w-d703cd7ceeb027b5ffaec42bec0e6e1b hr-invisible  avia-builder-el-4  el_after_av_textblock  el_before_av_buttonrow '><span class='hr-inner '><span class=\"hr-inner-style\"><\/span><\/span><\/div><br \/>\n<div  class='avia-buttonrow-wrap av-klj9spuv-e74483b41ebde92e6fda9683f0380db7 avia-buttonrow-center  avia-builder-el-5  el_after_av_hr  el_before_av_hr '>\n\n<style type=\"text\/css\" data-created_by=\"avia_inline_auto\" id=\"style-css-av-zmkffm-818b5cc00241bb86232000ec538dd588\">\n#top #wrap_all .avia-button.av-zmkffm-818b5cc00241bb86232000ec538dd588{\nmargin-bottom:5px;\nmargin-right:3px;\nmargin-left:3px;\n}\n<\/style>\n<a href=\"https:\/\/www.waisenhilfe.de\/\" class=\"avia-button av-zmkffm-818b5cc00241bb86232000ec538dd588 avia-icon_select-yes-left-icon avia-size-small avia-color-theme-color\" target=\"_blank\" rel=\"noopener noreferrer\" aria-label=\"Weitere Infos finden Sie auf der Homepage der Waisen-und Jugendhilfe Ukraine.\"><span class='avia_button_icon avia_button_icon_left avia-iconfont avia-font-entypo-fontello' data-av_icon='\ue81f' data-av_iconfont='entypo-fontello' ><\/span><span class='avia_iconbox_title' >Weitere Infos finden Sie auf der Homepage der Waisen-und Jugendhilfe Ukraine.<\/span><\/a>\n<\/div><br \/>\n<div  class='hr av-klja1zeh-a79151ccba23f059da1919030d831fd1 hr-default  avia-builder-el-6  el_after_av_buttonrow  el_before_av_social_share '><span class='hr-inner '><span class=\"hr-inner-style\"><\/span><\/span><\/div><br \/>\n<div  class='av-social-sharing-box av-pbj38i-71735bd91ada033c35a38b317d4e9e2d av-social-sharing-box-default  avia-builder-el-7  el_after_av_hr  avia-builder-el-last  av-social-sharing-box-fullwidth'><div class=\"av-share-box\"><h5 class='av-share-link-description av-no-toc '>Eintrag teilen<\/h5><ul class=\"av-share-box-list noLightbox\"><li class='av-share-link av-social-link-facebook avia_social_iconfont' ><a target=\"_blank\" aria-label=\"Share on Facebook\" href=\"https:\/\/www.facebook.com\/sharer.php?u=https:\/\/www.dhhn.de\/en\/ukraine-kinderhaus-fuer-waisenkinder\/&#038;t=Ukraine%20Kinderhaus%20f%C3%BCr%20Waisenkinder\" data-av_icon=\"\ue8f3\" data-av_iconfont=\"entypo-fontello\" title=\"\" data-avia-related-tooltip=\"Share on Facebook\"><span class='avia_hidden_link_text'>Share on Facebook<\/span><\/a><\/li><li class='av-share-link av-social-link-twitter avia_social_iconfont' ><a target=\"_blank\" aria-label=\"Share on X\" href=\"https:\/\/twitter.com\/share?text=Ukraine%20Kinderhaus%20f%C3%BCr%20Waisenkinder&#038;url=https:\/\/www.dhhn.de\/en\/?p=20834\" data-av_icon=\"\ue932\" data-av_iconfont=\"entypo-fontello\" title=\"\" data-avia-related-tooltip=\"Share on X\"><span class='avia_hidden_link_text'>Share on X<\/span><\/a><\/li><li class='av-share-link av-social-link-whatsapp avia_social_iconfont' ><a target=\"_blank\" aria-label=\"Share on WhatsApp\" href=\"https:\/\/api.whatsapp.com\/send?text=https:\/\/www.dhhn.de\/en\/ukraine-kinderhaus-fuer-waisenkinder\/\" data-av_icon=\"\uf232\" data-av_iconfont=\"entypo-fontello\" title=\"\" data-avia-related-tooltip=\"Share on WhatsApp\"><span class='avia_hidden_link_text'>Share on WhatsApp<\/span><\/a><\/li><li class='av-share-link av-social-link-pinterest avia_social_iconfont' ><a target=\"_blank\" aria-label=\"Share on Pinterest\" href=\"https:\/\/pinterest.com\/pin\/create\/button\/?url=https%3A%2F%2Fwww.dhhn.de%2Fen%2Fukraine-kinderhaus-fuer-waisenkinder%2F&#038;description=Ukraine%20Kinderhaus%20f%C3%BCr%20Waisenkinder&#038;media=\" data-av_icon=\"\ue8f8\" data-av_iconfont=\"entypo-fontello\" title=\"\" data-avia-related-tooltip=\"Share on Pinterest\"><span class='avia_hidden_link_text'>Share on Pinterest<\/span><\/a><\/li><li class='av-share-link av-social-link-linkedin avia_social_iconfont' ><a target=\"_blank\" aria-label=\"Share on LinkedIn\" href=\"https:\/\/linkedin.com\/shareArticle?mini=true&#038;title=Ukraine%20Kinderhaus%20f%C3%BCr%20Waisenkinder&#038;url=https:\/\/www.dhhn.de\/en\/ukraine-kinderhaus-fuer-waisenkinder\/\" data-av_icon=\"\ue8fc\" data-av_iconfont=\"entypo-fontello\" title=\"\" data-avia-related-tooltip=\"Share on LinkedIn\"><span class='avia_hidden_link_text'>Share on LinkedIn<\/span><\/a><\/li><li class='av-share-link av-social-link-tumblr avia_social_iconfont' ><a target=\"_blank\" aria-label=\"Share on Tumblr\" href=\"https:\/\/www.tumblr.com\/share\/link?url=https%3A%2F%2Fwww.dhhn.de%2Fen%2Fukraine-kinderhaus-fuer-waisenkinder%2F&#038;name=Ukraine%20Kinderhaus%20f%C3%BCr%20Waisenkinder&#038;description=\" data-av_icon=\"\ue8fa\" data-av_iconfont=\"entypo-fontello\" title=\"\" data-avia-related-tooltip=\"Share on Tumblr\"><span class='avia_hidden_link_text'>Share on Tumblr<\/span><\/a><\/li><li class='av-share-link av-social-link-mail avia_social_iconfont' ><a  aria-label=\"Share by Mail\" href='mailto:?subject=Ukraine%20Kinderhaus%20f%C3%BCr%20Waisenkinder&#038;body=https:\/\/www.dhhn.de\/en\/ukraine-kinderhaus-fuer-waisenkinder\/' data-av_icon='\ue805' data-av_iconfont='entypo-fontello'  title='' data-avia-related-tooltip='Share by Mail'><span class='avia_hidden_link_text'>Share by Mail<\/span><\/a><\/li><\/ul><\/div><\/div><\/p><\/div>\n","protected":false},"excerpt":{"rendered":"","protected":false},"author":2,"featured_media":0,"parent":0,"menu_order":266,"comment_status":"closed","ping_status":"closed","template":"","meta":{"_bbp_topic_count":0,"_bbp_reply_count":0,"_bbp_total_topic_count":0,"_bbp_total_reply_count":0,"_bbp_voice_count":0,"_bbp_anonymous_reply_count":0,"_bbp_topic_count_hidden":0,"_bbp_reply_count_hidden":0,"_bbp_forum_subforum_count":0,"footnotes":""},"categories":[],"tags":[],"class_list":["post-20834","page","type-page","status-publish","hentry"],"_links":{"self":[{"href":"https:\/\/www.dhhn.de\/en\/wp-json\/wp\/v2\/pages\/20834","targetHints":{"allow":["GET"]}}],"collection":[{"href":"https:\/\/www.dhhn.de\/en\/wp-json\/wp\/v2\/pages"}],"about":[{"href":"https:\/\/www.dhhn.de\/en\/wp-json\/wp\/v2\/types\/page"}],"author":[{"embeddable":true,"href":"https:\/\/www.dhhn.de\/en\/wp-json\/wp\/v2\/users\/2"}],"replies":[{"embeddable":true,"href":"https:\/\/www.dhhn.de\/en\/wp-json\/wp\/v2\/comments?post=20834"}],"version-history":[{"count":9,"href":"https:\/\/www.dhhn.de\/en\/wp-json\/wp\/v2\/pages\/20834\/revisions"}],"predecessor-version":[{"id":20844,"href":"https:\/\/www.dhhn.de\/en\/wp-json\/wp\/v2\/pages\/20834\/revisions\/20844"}],"wp:attachment":[{"href":"https:\/\/www.dhhn.de\/en\/wp-json\/wp\/v2\/media?parent=20834"}],"wp:term":[{"taxonomy":"category","embeddable":true,"href":"https:\/\/www.dhhn.de\/en\/wp-json\/wp\/v2\/categories?post=20834"},{"taxonomy":"post_tag","embeddable":true,"href":"https:\/\/www.dhhn.de\/en\/wp-json\/wp\/v2\/tags?post=20834"}],"curies":[{"name":"wp","href":"https:\/\/api.w.org\/{rel}","templated":true}]}}