{"id":21107,"date":"2021-03-30T08:11:29","date_gmt":"2021-03-30T08:11:29","guid":{"rendered":"https:\/\/www.dhhn.de\/?page_id=21107"},"modified":"2021-03-30T08:24:28","modified_gmt":"2021-03-30T08:24:28","slug":"rumaenien-bildung-fuer-romakinder","status":"publish","type":"page","link":"https:\/\/www.dhhn.de\/en\/rumaenien-bildung-fuer-romakinder\/","title":{"rendered":"Rum\u00e4nien, Bildung f\u00fcr Roma Kinder"},"content":{"rendered":"\n<style type=\"text\/css\" data-created_by=\"avia_inline_auto\" id=\"style-css-av-kmvqr4th-7a89ed0aa45bc96fc4e384a6b4656e9a\">\n#top .avia-gallery.av-kmvqr4th-7a89ed0aa45bc96fc4e384a6b4656e9a .avia-gallery-thumb a{\nwidth:20%;\n}\n<\/style>\n<div  class='avia-gallery av-kmvqr4th-7a89ed0aa45bc96fc4e384a6b4656e9a avia_animate_when_visible  avia-builder-el-0  el_before_av_textblock  avia-builder-el-first  avia_lazyload av-slideshow-ui av-loop-manual-endless av-control-hidden av-navigate-arrows av-navigate-dots hover-effect av-control-hidden avia-gallery-animate avia-gallery-1'  itemprop=\"image\" itemscope=\"itemscope\" itemtype=\"https:\/\/schema.org\/ImageObject\" ><meta itemprop=\"contentURL\" content=\"https:\/\/www.dhhn.de\/en\/rumaenien-bildung-fuer-romakinder\/\"><div class='avia-gallery-big-wrapper'><a class='avia-gallery-big fakeLightbox lightbox avia-gallery-big-crop-thumb ' href=\"https:\/\/www.dhhn.de\/wp-content\/uploads\/2021\/03\/DHHN-6906.jpg\" data-srcset=\"https:\/\/www.dhhn.de\/wp-content\/uploads\/2021\/03\/DHHN-6906.jpg 1820w, https:\/\/www.dhhn.de\/wp-content\/uploads\/2021\/03\/DHHN-6906-1500x1125.jpg 1500w, https:\/\/www.dhhn.de\/wp-content\/uploads\/2021\/03\/DHHN-6906-100x75.jpg 100w, https:\/\/www.dhhn.de\/wp-content\/uploads\/2021\/03\/DHHN-6906-768x576.jpg 768w, https:\/\/www.dhhn.de\/wp-content\/uploads\/2021\/03\/DHHN-6906-1536x1152.jpg 1536w, https:\/\/www.dhhn.de\/wp-content\/uploads\/2021\/03\/DHHN-6906-705x529.jpg 705w\" data-sizes=\"(max-width: 1500px) 100vw, 1500px\"  data-onclick='1' title='DHHN-6906' ><span class='avia-gallery-big-inner'  itemprop=\"thumbnailUrl\" ><img decoding=\"async\" fetchpriority=\"high\" class=\"wp-image-21111 avia-img-lazy-loading-not-21111\"  width=\"1500\" height=\"430\" src=\"https:\/\/www.dhhn.de\/wp-content\/uploads\/2021\/03\/DHHN-6906-1500x430.jpg\" title='DHHN-6906' alt='' \/><\/span><\/a><\/div><div class='avia-gallery-thumb'><a href=\"https:\/\/www.dhhn.de\/wp-content\/uploads\/2021\/03\/DHHN-6906.jpg\" data-srcset=\"https:\/\/www.dhhn.de\/wp-content\/uploads\/2021\/03\/DHHN-6906.jpg 1820w, https:\/\/www.dhhn.de\/wp-content\/uploads\/2021\/03\/DHHN-6906-1500x1125.jpg 1500w, https:\/\/www.dhhn.de\/wp-content\/uploads\/2021\/03\/DHHN-6906-100x75.jpg 100w, https:\/\/www.dhhn.de\/wp-content\/uploads\/2021\/03\/DHHN-6906-768x576.jpg 768w, https:\/\/www.dhhn.de\/wp-content\/uploads\/2021\/03\/DHHN-6906-1536x1152.jpg 1536w, https:\/\/www.dhhn.de\/wp-content\/uploads\/2021\/03\/DHHN-6906-705x529.jpg 705w\" data-sizes=\"(max-width: 1500px) 100vw, 1500px\" data-rel='gallery-1' data-prev-img='https:\/\/www.dhhn.de\/wp-content\/uploads\/2021\/03\/DHHN-6906-1500x430.jpg' class='first_thumb lightbox ' data-onclick='1' title='DHHN-6906'  itemprop=\"thumbnailUrl\"  ><img decoding=\"async\" fetchpriority=\"high\" class=\"wp-image-21111 avia-img-lazy-loading-not-21111\"   src=\"https:\/\/www.dhhn.de\/wp-content\/uploads\/2021\/03\/DHHN-6906-495x400.jpg\" width=\"495\" height=\"400\"  title='DHHN-6906' alt='' srcset=\"https:\/\/www.dhhn.de\/wp-content\/uploads\/2021\/03\/DHHN-6906-495x400.jpg 495w, https:\/\/www.dhhn.de\/wp-content\/uploads\/2021\/03\/DHHN-6906-845x684.jpg 845w\" sizes=\"(max-width: 495px) 100vw, 495px\" \/><div class='big-prev-fake'><img decoding=\"async\" loading=\"lazy\" class=\"wp-image-21111 avia-img-lazy-loading-21111\"  width=\"1500\" height=\"430\" src=\"https:\/\/www.dhhn.de\/wp-content\/uploads\/2021\/03\/DHHN-6906-1500x430.jpg\" title='DHHN-6906' alt='' \/><\/div><\/a><a href=\"https:\/\/www.dhhn.de\/wp-content\/uploads\/2021\/03\/DHHN-.jpg\" data-srcset=\"https:\/\/www.dhhn.de\/wp-content\/uploads\/2021\/03\/DHHN-.jpg 1600w, https:\/\/www.dhhn.de\/wp-content\/uploads\/2021\/03\/DHHN--1500x1125.jpg 1500w, https:\/\/www.dhhn.de\/wp-content\/uploads\/2021\/03\/DHHN--100x75.jpg 100w, https:\/\/www.dhhn.de\/wp-content\/uploads\/2021\/03\/DHHN--768x576.jpg 768w, https:\/\/www.dhhn.de\/wp-content\/uploads\/2021\/03\/DHHN--1536x1152.jpg 1536w, https:\/\/www.dhhn.de\/wp-content\/uploads\/2021\/03\/DHHN--705x529.jpg 705w\" data-sizes=\"(max-width: 1500px) 100vw, 1500px\" data-rel='gallery-1' data-prev-img='https:\/\/www.dhhn.de\/wp-content\/uploads\/2021\/03\/DHHN--1500x430.jpg' class='lightbox ' data-onclick='2' title='DHHN-'  itemprop=\"thumbnailUrl\"  ><img decoding=\"async\" fetchpriority=\"high\" class=\"wp-image-21113 avia-img-lazy-loading-not-21113\"   src=\"https:\/\/www.dhhn.de\/wp-content\/uploads\/2021\/03\/DHHN--495x400.jpg\" width=\"495\" height=\"400\"  title='DHHN-' alt='' srcset=\"https:\/\/www.dhhn.de\/wp-content\/uploads\/2021\/03\/DHHN--495x400.jpg 495w, https:\/\/www.dhhn.de\/wp-content\/uploads\/2021\/03\/DHHN--845x684.jpg 845w\" sizes=\"(max-width: 495px) 100vw, 495px\" \/><div class='big-prev-fake'><img decoding=\"async\" loading=\"lazy\" class=\"wp-image-21113 avia-img-lazy-loading-21113\"  width=\"1500\" height=\"430\" src=\"https:\/\/www.dhhn.de\/wp-content\/uploads\/2021\/03\/DHHN--1500x430.jpg\" title='DHHN-' alt='' \/><\/div><\/a><a href=\"https:\/\/www.dhhn.de\/wp-content\/uploads\/2021\/03\/DHHN-5.jpg\" data-srcset=\"https:\/\/www.dhhn.de\/wp-content\/uploads\/2021\/03\/DHHN-5.jpg 1200w, https:\/\/www.dhhn.de\/wp-content\/uploads\/2021\/03\/DHHN-5-1125x1500.jpg 1125w, https:\/\/www.dhhn.de\/wp-content\/uploads\/2021\/03\/DHHN-5-75x100.jpg 75w, https:\/\/www.dhhn.de\/wp-content\/uploads\/2021\/03\/DHHN-5-768x1024.jpg 768w, https:\/\/www.dhhn.de\/wp-content\/uploads\/2021\/03\/DHHN-5-1152x1536.jpg 1152w, https:\/\/www.dhhn.de\/wp-content\/uploads\/2021\/03\/DHHN-5-529x705.jpg 529w\" data-sizes=\"(max-width: 1200px) 100vw, 1200px\" data-rel='gallery-1' data-prev-img='https:\/\/www.dhhn.de\/wp-content\/uploads\/2021\/03\/DHHN-5-1200x430.jpg' class='lightbox ' data-onclick='3' title='DHHN-5'  itemprop=\"thumbnailUrl\"  ><img decoding=\"async\" fetchpriority=\"high\" class=\"wp-image-21115 avia-img-lazy-loading-not-21115\"   src=\"https:\/\/www.dhhn.de\/wp-content\/uploads\/2021\/03\/DHHN-5-495x400.jpg\" width=\"495\" height=\"400\"  title='DHHN-5' alt='' srcset=\"https:\/\/www.dhhn.de\/wp-content\/uploads\/2021\/03\/DHHN-5-495x400.jpg 495w, https:\/\/www.dhhn.de\/wp-content\/uploads\/2021\/03\/DHHN-5-845x684.jpg 845w\" sizes=\"(max-width: 495px) 100vw, 495px\" \/><div class='big-prev-fake'><img decoding=\"async\" loading=\"lazy\" class=\"wp-image-21115 avia-img-lazy-loading-21115\"  width=\"1200\" height=\"430\" src=\"https:\/\/www.dhhn.de\/wp-content\/uploads\/2021\/03\/DHHN-5-1200x430.jpg\" title='DHHN-5' alt='' \/><\/div><\/a><a href=\"https:\/\/www.dhhn.de\/wp-content\/uploads\/2021\/03\/DHHN-65.jpg\" data-srcset=\"https:\/\/www.dhhn.de\/wp-content\/uploads\/2021\/03\/DHHN-65.jpg 1200w, https:\/\/www.dhhn.de\/wp-content\/uploads\/2021\/03\/DHHN-65-1125x1500.jpg 1125w, https:\/\/www.dhhn.de\/wp-content\/uploads\/2021\/03\/DHHN-65-75x100.jpg 75w, https:\/\/www.dhhn.de\/wp-content\/uploads\/2021\/03\/DHHN-65-768x1024.jpg 768w, https:\/\/www.dhhn.de\/wp-content\/uploads\/2021\/03\/DHHN-65-1152x1536.jpg 1152w, https:\/\/www.dhhn.de\/wp-content\/uploads\/2021\/03\/DHHN-65-529x705.jpg 529w\" data-sizes=\"(max-width: 1200px) 100vw, 1200px\" data-rel='gallery-1' data-prev-img='https:\/\/www.dhhn.de\/wp-content\/uploads\/2021\/03\/DHHN-65-1200x430.jpg' class='lightbox ' data-onclick='4' title='DHHN-65'  itemprop=\"thumbnailUrl\"  ><img decoding=\"async\" fetchpriority=\"high\" class=\"wp-image-21117 avia-img-lazy-loading-not-21117\"   src=\"https:\/\/www.dhhn.de\/wp-content\/uploads\/2021\/03\/DHHN-65-495x400.jpg\" width=\"495\" height=\"400\"  title='DHHN-65' alt='' srcset=\"https:\/\/www.dhhn.de\/wp-content\/uploads\/2021\/03\/DHHN-65-495x400.jpg 495w, https:\/\/www.dhhn.de\/wp-content\/uploads\/2021\/03\/DHHN-65-845x684.jpg 845w\" sizes=\"(max-width: 495px) 100vw, 495px\" \/><div class='big-prev-fake'><img decoding=\"async\" loading=\"lazy\" class=\"wp-image-21117 avia-img-lazy-loading-21117\"  width=\"1200\" height=\"430\" src=\"https:\/\/www.dhhn.de\/wp-content\/uploads\/2021\/03\/DHHN-65-1200x430.jpg\" title='DHHN-65' alt='' \/><\/div><\/a><a href=\"https:\/\/www.dhhn.de\/wp-content\/uploads\/2021\/03\/DHHN-326.jpg\" data-srcset=\"https:\/\/www.dhhn.de\/wp-content\/uploads\/2021\/03\/DHHN-326.jpg 1200w, https:\/\/www.dhhn.de\/wp-content\/uploads\/2021\/03\/DHHN-326-1125x1500.jpg 1125w, https:\/\/www.dhhn.de\/wp-content\/uploads\/2021\/03\/DHHN-326-75x100.jpg 75w, https:\/\/www.dhhn.de\/wp-content\/uploads\/2021\/03\/DHHN-326-768x1024.jpg 768w, https:\/\/www.dhhn.de\/wp-content\/uploads\/2021\/03\/DHHN-326-1152x1536.jpg 1152w, https:\/\/www.dhhn.de\/wp-content\/uploads\/2021\/03\/DHHN-326-529x705.jpg 529w\" data-sizes=\"(max-width: 1200px) 100vw, 1200px\" data-rel='gallery-1' data-prev-img='https:\/\/www.dhhn.de\/wp-content\/uploads\/2021\/03\/DHHN-326-1200x430.jpg' class='lightbox ' data-onclick='5' title='DHHN-326'  itemprop=\"thumbnailUrl\"  ><img decoding=\"async\" fetchpriority=\"high\" class=\"wp-image-21119 avia-img-lazy-loading-not-21119\"   src=\"https:\/\/www.dhhn.de\/wp-content\/uploads\/2021\/03\/DHHN-326-495x400.jpg\" width=\"495\" height=\"400\"  title='DHHN-326' alt='' srcset=\"https:\/\/www.dhhn.de\/wp-content\/uploads\/2021\/03\/DHHN-326-495x400.jpg 495w, https:\/\/www.dhhn.de\/wp-content\/uploads\/2021\/03\/DHHN-326-845x684.jpg 845w\" sizes=\"(max-width: 495px) 100vw, 495px\" \/><div class='big-prev-fake'><img decoding=\"async\" loading=\"lazy\" class=\"wp-image-21119 avia-img-lazy-loading-21119\"  width=\"1200\" height=\"430\" src=\"https:\/\/www.dhhn.de\/wp-content\/uploads\/2021\/03\/DHHN-326-1200x430.jpg\" title='DHHN-326' alt='' \/><\/div><\/a><a href=\"https:\/\/www.dhhn.de\/wp-content\/uploads\/2021\/03\/DHHN-02846.jpg\" data-srcset=\"https:\/\/www.dhhn.de\/wp-content\/uploads\/2021\/03\/DHHN-02846.jpg 1820w, https:\/\/www.dhhn.de\/wp-content\/uploads\/2021\/03\/DHHN-02846-1500x1000.jpg 1500w, https:\/\/www.dhhn.de\/wp-content\/uploads\/2021\/03\/DHHN-02846-100x67.jpg 100w, https:\/\/www.dhhn.de\/wp-content\/uploads\/2021\/03\/DHHN-02846-768x512.jpg 768w, https:\/\/www.dhhn.de\/wp-content\/uploads\/2021\/03\/DHHN-02846-1536x1024.jpg 1536w, https:\/\/www.dhhn.de\/wp-content\/uploads\/2021\/03\/DHHN-02846-705x470.jpg 705w\" data-sizes=\"(max-width: 1500px) 100vw, 1500px\" data-rel='gallery-1' data-prev-img='https:\/\/www.dhhn.de\/wp-content\/uploads\/2021\/03\/DHHN-02846-1500x430.jpg' class='first_thumb lightbox ' data-onclick='6' title='DHHN-02846'  itemprop=\"thumbnailUrl\"  ><img decoding=\"async\" fetchpriority=\"high\" class=\"wp-image-21121 avia-img-lazy-loading-not-21121\"   src=\"https:\/\/www.dhhn.de\/wp-content\/uploads\/2021\/03\/DHHN-02846-495x400.jpg\" width=\"495\" height=\"400\"  title='DHHN-02846' alt='' srcset=\"https:\/\/www.dhhn.de\/wp-content\/uploads\/2021\/03\/DHHN-02846-495x400.jpg 495w, https:\/\/www.dhhn.de\/wp-content\/uploads\/2021\/03\/DHHN-02846-845x684.jpg 845w\" sizes=\"(max-width: 495px) 100vw, 495px\" \/><div class='big-prev-fake'><img decoding=\"async\" loading=\"lazy\" class=\"wp-image-21121 avia-img-lazy-loading-21121\"  width=\"1500\" height=\"430\" src=\"https:\/\/www.dhhn.de\/wp-content\/uploads\/2021\/03\/DHHN-02846-1500x430.jpg\" title='DHHN-02846' alt='' \/><\/div><\/a><a href=\"https:\/\/www.dhhn.de\/wp-content\/uploads\/2021\/03\/DHHN-02847.jpg\" data-srcset=\"https:\/\/www.dhhn.de\/wp-content\/uploads\/2021\/03\/DHHN-02847.jpg 1820w, https:\/\/www.dhhn.de\/wp-content\/uploads\/2021\/03\/DHHN-02847-1500x1000.jpg 1500w, https:\/\/www.dhhn.de\/wp-content\/uploads\/2021\/03\/DHHN-02847-100x67.jpg 100w, https:\/\/www.dhhn.de\/wp-content\/uploads\/2021\/03\/DHHN-02847-768x512.jpg 768w, https:\/\/www.dhhn.de\/wp-content\/uploads\/2021\/03\/DHHN-02847-1536x1024.jpg 1536w, https:\/\/www.dhhn.de\/wp-content\/uploads\/2021\/03\/DHHN-02847-705x470.jpg 705w\" data-sizes=\"(max-width: 1500px) 100vw, 1500px\" data-rel='gallery-1' data-prev-img='https:\/\/www.dhhn.de\/wp-content\/uploads\/2021\/03\/DHHN-02847-1500x430.jpg' class='lightbox ' data-onclick='7' title='DHHN-02847'  itemprop=\"thumbnailUrl\"  ><img decoding=\"async\" fetchpriority=\"high\" class=\"wp-image-21123 avia-img-lazy-loading-not-21123\"   src=\"https:\/\/www.dhhn.de\/wp-content\/uploads\/2021\/03\/DHHN-02847-495x400.jpg\" width=\"495\" height=\"400\"  title='DHHN-02847' alt='' srcset=\"https:\/\/www.dhhn.de\/wp-content\/uploads\/2021\/03\/DHHN-02847-495x400.jpg 495w, https:\/\/www.dhhn.de\/wp-content\/uploads\/2021\/03\/DHHN-02847-845x684.jpg 845w\" sizes=\"(max-width: 495px) 100vw, 495px\" \/><div class='big-prev-fake'><img decoding=\"async\" loading=\"lazy\" class=\"wp-image-21123 avia-img-lazy-loading-21123\"  width=\"1500\" height=\"430\" src=\"https:\/\/www.dhhn.de\/wp-content\/uploads\/2021\/03\/DHHN-02847-1500x430.jpg\" title='DHHN-02847' alt='' \/><\/div><\/a><a href=\"https:\/\/www.dhhn.de\/wp-content\/uploads\/2021\/03\/DHHN-02848.jpg\" data-srcset=\"https:\/\/www.dhhn.de\/wp-content\/uploads\/2021\/03\/DHHN-02848.jpg 1820w, https:\/\/www.dhhn.de\/wp-content\/uploads\/2021\/03\/DHHN-02848-1500x1000.jpg 1500w, https:\/\/www.dhhn.de\/wp-content\/uploads\/2021\/03\/DHHN-02848-100x67.jpg 100w, https:\/\/www.dhhn.de\/wp-content\/uploads\/2021\/03\/DHHN-02848-768x512.jpg 768w, https:\/\/www.dhhn.de\/wp-content\/uploads\/2021\/03\/DHHN-02848-1536x1024.jpg 1536w, https:\/\/www.dhhn.de\/wp-content\/uploads\/2021\/03\/DHHN-02848-705x470.jpg 705w\" data-sizes=\"(max-width: 1500px) 100vw, 1500px\" data-rel='gallery-1' data-prev-img='https:\/\/www.dhhn.de\/wp-content\/uploads\/2021\/03\/DHHN-02848-1500x430.jpg' class='lightbox ' data-onclick='8' title='DHHN-02848'  itemprop=\"thumbnailUrl\"  ><img decoding=\"async\" fetchpriority=\"high\" class=\"wp-image-21125 avia-img-lazy-loading-not-21125\"   src=\"https:\/\/www.dhhn.de\/wp-content\/uploads\/2021\/03\/DHHN-02848-495x400.jpg\" width=\"495\" height=\"400\"  title='DHHN-02848' alt='' srcset=\"https:\/\/www.dhhn.de\/wp-content\/uploads\/2021\/03\/DHHN-02848-495x400.jpg 495w, https:\/\/www.dhhn.de\/wp-content\/uploads\/2021\/03\/DHHN-02848-845x684.jpg 845w\" sizes=\"(max-width: 495px) 100vw, 495px\" \/><div class='big-prev-fake'><img decoding=\"async\" loading=\"lazy\" class=\"wp-image-21125 avia-img-lazy-loading-21125\"  width=\"1500\" height=\"430\" src=\"https:\/\/www.dhhn.de\/wp-content\/uploads\/2021\/03\/DHHN-02848-1500x430.jpg\" title='DHHN-02848' alt='' \/><\/div><\/a><a href=\"https:\/\/www.dhhn.de\/wp-content\/uploads\/2021\/03\/DHHN-6904.jpg\" data-srcset=\"https:\/\/www.dhhn.de\/wp-content\/uploads\/2021\/03\/DHHN-6904.jpg 1820w, https:\/\/www.dhhn.de\/wp-content\/uploads\/2021\/03\/DHHN-6904-1125x1500.jpg 1125w, https:\/\/www.dhhn.de\/wp-content\/uploads\/2021\/03\/DHHN-6904-75x100.jpg 75w, https:\/\/www.dhhn.de\/wp-content\/uploads\/2021\/03\/DHHN-6904-768x1024.jpg 768w, https:\/\/www.dhhn.de\/wp-content\/uploads\/2021\/03\/DHHN-6904-1152x1536.jpg 1152w, https:\/\/www.dhhn.de\/wp-content\/uploads\/2021\/03\/DHHN-6904-1536x2048.jpg 1536w, https:\/\/www.dhhn.de\/wp-content\/uploads\/2021\/03\/DHHN-6904-529x705.jpg 529w\" data-sizes=\"(max-width: 1500px) 100vw, 1500px\" data-rel='gallery-1' data-prev-img='https:\/\/www.dhhn.de\/wp-content\/uploads\/2021\/03\/DHHN-6904-1500x430.jpg' class='lightbox ' data-onclick='9' title='DHHN-6904'  itemprop=\"thumbnailUrl\"  ><img decoding=\"async\" fetchpriority=\"high\" class=\"wp-image-21127 avia-img-lazy-loading-not-21127\"   src=\"https:\/\/www.dhhn.de\/wp-content\/uploads\/2021\/03\/DHHN-6904-495x400.jpg\" width=\"495\" height=\"400\"  title='DHHN-6904' alt='' srcset=\"https:\/\/www.dhhn.de\/wp-content\/uploads\/2021\/03\/DHHN-6904-495x400.jpg 495w, https:\/\/www.dhhn.de\/wp-content\/uploads\/2021\/03\/DHHN-6904-845x684.jpg 845w\" sizes=\"(max-width: 495px) 100vw, 495px\" \/><div class='big-prev-fake'><img decoding=\"async\" loading=\"lazy\" class=\"wp-image-21127 avia-img-lazy-loading-21127\"  width=\"1500\" height=\"430\" src=\"https:\/\/www.dhhn.de\/wp-content\/uploads\/2021\/03\/DHHN-6904-1500x430.jpg\" title='DHHN-6904' alt='' \/><\/div><\/a><\/div><\/div>\n<section  class='av_textblock_section av-kmvqs43z-a61ac3f10d0bbb0c00ee297e56132fbf '   itemscope=\"itemscope\" itemtype=\"https:\/\/schema.org\/CreativeWork\" ><div class='avia_textblock'  itemprop=\"text\" ><h1>Bildung f\u00fcr die Zukunft der Roma Kinder &#8211; ein bewundernswertes Projekt.<\/h1>\n<p>Im S\u00fcden Rum\u00e4niens, in der N\u00e4he von Pitesti, unterst\u00fctzen wir ein wichtiges Projekt: Florin und Liviu k\u00fcmmert sich um die Menschen in den Roma-D\u00f6rfern in ihrer Gegend. Besonders am Herzen liegen ihnen die Kinder.<\/p>\n<p>Gemeinsam mit den Roma haben sie ein Gemeinschafts-Haus gebaut. Darin hat es unter anderem mehrere Klassenzimmer, in denen die Kinder nachmittags zur Hausaufgabenbetreuung sind. Es ist so wichtig in die Kinder zu investieren, damit der Teufelskreis der Armut durchbrochen wird! Neben der schulischen Bildung erm\u00f6glicht Liviu und sein Team auch Musikunterricht f\u00fcr die Kinder, so lernen einige zum Beispiel Geige.<\/p>\n<p>Aber nicht nur die Kinder liegen ihnen am Herzen, sondern auch die ganzen Familien. Sie konnten mit ihrer Organisation schon einigen Familien beim Bau eines festen Hauses unterst\u00fctzen, anderen haben sie geholfen, die Kosten f\u00fcr eine dringende Operation zu bezahlen. Gemeinsam mit den Roma wurde der Bach, der bisher auf dem Hauptweg mitten durch das Dorf floss, kanalisiert.<\/p>\n<p>Wenn man mit Liviu durch die Romasiedlung geht, wird er von \u00fcberall her fr\u00f6hlich gegr\u00fc\u00dft und kann zu jeder Familie Geschichten erz\u00e4hlen und wei\u00df, was die aktuellen N\u00f6te und Probleme sind.<\/p>\n<p>Liviu setzt sich auch stark daf\u00fcr ein, dass die Menschen statt in Westeuropa zu betteln hier einer geregelten Arbeit nachgehen. Er konnte schon einige Arbeitspl\u00e4tze vermitteln.<\/p>\n<p>Ein weiteres Projekt sind zwei Gew\u00e4chsh\u00e4user und ganz neu hunderte Obstb\u00e4ume, um so m\u00f6glichst viel Lebensmittel selbst zu erzeugen.<\/p>\n<p>Gerade steht eine Projektwerkstatt in den Startl\u00f6chern: In Zusammenarbeit mit \u00f6rtlichen Betrieben sollen die Jugendlichen unter Anleitung der Mitarbeiter aus den umliegenden Firmen erste F\u00e4higkeiten im Bereich Metall, Holz oder Kfz lernen. So entsteht eine Beziehung zwischen den Jugendlichen und den Firmen und wir hoffen, dass sp\u00e4ter m\u00f6glichst viele der jungen Menschen in einer Firma lernen und arbeiten k\u00f6nnen. Mich begeistert dieser Ansatz.<\/p>\n<p>Besonders freu ich mich \u00fcber das gute Verh\u00e4ltnis zwischen den Roma und Liviu und seinen Mitarbeitern: Wenn er Hilfe braucht, sei es zum Abladen der Hilfsg\u00fcter, zum Anpflanzen der B\u00e4ume, oder sonst, sind sofort gen\u00fcgend M\u00e4nner da und helfen.<\/p>\n<\/div><\/section>\n<div  class='av-social-sharing-box av-o65gwj-11eb5f598e5ff0f36ba8ca7459c349d9 av-social-sharing-box-default  avia-builder-el-2  el_after_av_textblock  avia-builder-el-last  av-social-sharing-box-fullwidth'><div class=\"av-share-box\"><h5 class='av-share-link-description av-no-toc '>Eintrag teilen<\/h5><ul class=\"av-share-box-list noLightbox\"><li class='av-share-link av-social-link-facebook avia_social_iconfont' ><a target=\"_blank\" aria-label=\"Share on Facebook\" href='https:\/\/www.facebook.com\/sharer.php?u=https:\/\/www.dhhn.de\/en\/rumaenien-bildung-fuer-romakinder\/&#038;t=Rum%C3%A4nien%2C%20Bildung%20f%C3%BCr%20Roma%20Kinder' data-av_icon='\ue8f3' data-av_iconfont='entypo-fontello'  title='' data-avia-related-tooltip='Share on Facebook'><span class='avia_hidden_link_text'>Share on Facebook<\/span><\/a><\/li><li class='av-share-link av-social-link-twitter avia_social_iconfont' ><a target=\"_blank\" aria-label=\"Share on X\" href='https:\/\/twitter.com\/share?text=Rum%C3%A4nien%2C%20Bildung%20f%C3%BCr%20Roma%20Kinder&#038;url=https:\/\/www.dhhn.de\/en\/?p=21107' data-av_icon='\ue932' data-av_iconfont='entypo-fontello'  title='' data-avia-related-tooltip='Share on X'><span class='avia_hidden_link_text'>Share on X<\/span><\/a><\/li><li class='av-share-link av-social-link-whatsapp avia_social_iconfont' ><a target=\"_blank\" aria-label=\"Share on WhatsApp\" href='https:\/\/api.whatsapp.com\/send?text=https:\/\/www.dhhn.de\/en\/rumaenien-bildung-fuer-romakinder\/' data-av_icon='\uf232' data-av_iconfont='entypo-fontello'  title='' data-avia-related-tooltip='Share on WhatsApp'><span class='avia_hidden_link_text'>Share on WhatsApp<\/span><\/a><\/li><li class='av-share-link av-social-link-pinterest avia_social_iconfont' ><a target=\"_blank\" aria-label=\"Share on Pinterest\" href='https:\/\/pinterest.com\/pin\/create\/button\/?url=https%3A%2F%2Fwww.dhhn.de%2Fen%2Frumaenien-bildung-fuer-romakinder%2F&#038;description=Rum%C3%A4nien%2C%20Bildung%20f%C3%BCr%20Roma%20Kinder&#038;media=' data-av_icon='\ue8f8' data-av_iconfont='entypo-fontello'  title='' data-avia-related-tooltip='Share on Pinterest'><span class='avia_hidden_link_text'>Share on Pinterest<\/span><\/a><\/li><li class='av-share-link av-social-link-linkedin avia_social_iconfont' ><a target=\"_blank\" aria-label=\"Share on LinkedIn\" href='https:\/\/linkedin.com\/shareArticle?mini=true&#038;title=Rum%C3%A4nien%2C%20Bildung%20f%C3%BCr%20Roma%20Kinder&#038;url=https:\/\/www.dhhn.de\/en\/rumaenien-bildung-fuer-romakinder\/' data-av_icon='\ue8fc' data-av_iconfont='entypo-fontello'  title='' data-avia-related-tooltip='Share on LinkedIn'><span class='avia_hidden_link_text'>Share on LinkedIn<\/span><\/a><\/li><li class='av-share-link av-social-link-tumblr avia_social_iconfont' ><a target=\"_blank\" aria-label=\"Share on Tumblr\" href='https:\/\/www.tumblr.com\/share\/link?url=https%3A%2F%2Fwww.dhhn.de%2Fen%2Frumaenien-bildung-fuer-romakinder%2F&#038;name=Rum%C3%A4nien%2C%20Bildung%20f%C3%BCr%20Roma%20Kinder&#038;description=' data-av_icon='\ue8fa' data-av_iconfont='entypo-fontello'  title='' data-avia-related-tooltip='Share on Tumblr'><span class='avia_hidden_link_text'>Share on Tumblr<\/span><\/a><\/li><li class='av-share-link av-social-link-mail avia_social_iconfont' ><a  aria-label=\"Share by Mail\" href='mailto:?subject=Rum%C3%A4nien%2C%20Bildung%20f%C3%BCr%20Roma%20Kinder&#038;body=https:\/\/www.dhhn.de\/en\/rumaenien-bildung-fuer-romakinder\/' data-av_icon='\ue805' data-av_iconfont='entypo-fontello'  title='' data-avia-related-tooltip='Share by Mail'><span class='avia_hidden_link_text'>Share by Mail<\/span><\/a><\/li><\/ul><\/div><\/div>\n","protected":false},"excerpt":{"rendered":"","protected":false},"author":2,"featured_media":0,"parent":0,"menu_order":240,"comment_status":"closed","ping_status":"closed","template":"","meta":{"_bbp_topic_count":0,"_bbp_reply_count":0,"_bbp_total_topic_count":0,"_bbp_total_reply_count":0,"_bbp_voice_count":0,"_bbp_anonymous_reply_count":0,"_bbp_topic_count_hidden":0,"_bbp_reply_count_hidden":0,"_bbp_forum_subforum_count":0,"footnotes":""},"categories":[],"tags":[],"class_list":["post-21107","page","type-page","status-publish","hentry"],"_links":{"self":[{"href":"https:\/\/www.dhhn.de\/en\/wp-json\/wp\/v2\/pages\/21107","targetHints":{"allow":["GET"]}}],"collection":[{"href":"https:\/\/www.dhhn.de\/en\/wp-json\/wp\/v2\/pages"}],"about":[{"href":"https:\/\/www.dhhn.de\/en\/wp-json\/wp\/v2\/types\/page"}],"author":[{"embeddable":true,"href":"https:\/\/www.dhhn.de\/en\/wp-json\/wp\/v2\/users\/2"}],"replies":[{"embeddable":true,"href":"https:\/\/www.dhhn.de\/en\/wp-json\/wp\/v2\/comments?post=21107"}],"version-history":[{"count":6,"href":"https:\/\/www.dhhn.de\/en\/wp-json\/wp\/v2\/pages\/21107\/revisions"}],"predecessor-version":[{"id":21137,"href":"https:\/\/www.dhhn.de\/en\/wp-json\/wp\/v2\/pages\/21107\/revisions\/21137"}],"wp:attachment":[{"href":"https:\/\/www.dhhn.de\/en\/wp-json\/wp\/v2\/media?parent=21107"}],"wp:term":[{"taxonomy":"category","embeddable":true,"href":"https:\/\/www.dhhn.de\/en\/wp-json\/wp\/v2\/categories?post=21107"},{"taxonomy":"post_tag","embeddable":true,"href":"https:\/\/www.dhhn.de\/en\/wp-json\/wp\/v2\/tags?post=21107"}],"curies":[{"name":"wp","href":"https:\/\/api.w.org\/{rel}","templated":true}]}}