{"id":34394,"date":"2026-01-22T11:35:35","date_gmt":"2026-01-22T11:35:35","guid":{"rendered":"https:\/\/www.dhhn.de\/?page_id=34394"},"modified":"2026-01-22T12:09:51","modified_gmt":"2026-01-22T12:09:51","slug":"faq","status":"publish","type":"page","link":"https:\/\/www.dhhn.de\/en\/faq\/","title":{"rendered":"FAQ"},"content":{"rendered":"<section  class='av_textblock_section av-mkpeqv6n-05b7c4664d1b4db4093f8669a8e0c6bb '   itemscope=\"itemscope\" itemtype=\"https:\/\/schema.org\/CreativeWork\" ><div class='avia_textblock'  itemprop=\"text\" ><p>FAQ: Hier finden Sie schnelle Antworten zu Ihren Fragen.<\/p>\n<p>Scheuen Sie sich nicht, uns bei weiteren Fragen eine Email an <a href=\"mailto:info@dhhn.de\">info@dhhn.de<\/a> zu schreiben oder auf der Homepage zu st\u00f6bern!<\/p>\n<\/div><\/section>\n<div  class='togglecontainer av-mkpdkttm-6c29e5b0ab57d4647950cea644914803  avia-builder-el-1  el_after_av_textblock  avia-builder-el-last  toggle_close_all' >\n<section class='av_toggle_section av-tys1iy-a2a77aa19daff45e18495d7ea9d4da44'  itemscope=\"itemscope\" itemtype=\"https:\/\/schema.org\/CreativeWork\" ><div role=\"tablist\" class=\"single_toggle\" data-tags=\"{All} \"  ><p id='toggle-toggle-id-1' data-fake-id='#toggle-id-1' class='toggler  av-title-above '  itemprop=\"headline\"  role='tab' tabindex='0' aria-controls='toggle-id-1' data-slide-speed=\"200\" data-title=\"Wie muss ich die Kleidung verpacken?\" data-title-open=\"\" data-aria_collapsed=\"Click to expand: Wie muss ich die Kleidung verpacken?\" data-aria_expanded=\"Click to collapse: Wie muss ich die Kleidung verpacken?\">Wie muss ich die Kleidung verpacken?<span class=\"toggle_icon\"><span class=\"vert_icon\"><\/span><span class=\"hor_icon\"><\/span><\/span><\/p><div id='toggle-id-1' aria-labelledby='toggle-toggle-id-1' role='region' class='toggle_wrap  av-title-above'  ><div class='toggle_content invers-color '  itemprop=\"text\" ><p>Sie k\u00f6nnen die Kleidung in Kartons oder m\u00f6glichst stabilen S\u00e4cken verpacken. Bitte legen Sie die Kleidung zusammengelegt in den Sack oder Karton! Der Traum f\u00fcr uns ist, wenn Sie die Kleidung in Bananenkartons verpacken und diese auf der Oberseite mit dem Inhalt beschriften.<\/p>\n<\/div><\/div><\/div><\/section>\n<section class='av_toggle_section av-mkpdww04-73a82e7c9ad71d036708bb4f6cc9de3f'  itemscope=\"itemscope\" itemtype=\"https:\/\/schema.org\/CreativeWork\" ><div role=\"tablist\" class=\"single_toggle\" data-tags=\"{All} \"  ><p id='toggle-toggle-id-2' data-fake-id='#toggle-id-2' class='toggler  av-title-above '  itemprop=\"headline\"  role='tab' tabindex='0' aria-controls='toggle-id-2' data-slide-speed=\"200\" data-title=\"Wo gebe ich die Kleiderspende ab?\" data-title-open=\"\" data-aria_collapsed=\"Click to expand: Wo gebe ich die Kleiderspende ab?\" data-aria_expanded=\"Click to collapse: Wo gebe ich die Kleiderspende ab?\">Wo gebe ich die Kleiderspende ab?<span class=\"toggle_icon\"><span class=\"vert_icon\"><\/span><span class=\"hor_icon\"><\/span><\/span><\/p><div id='toggle-id-2' aria-labelledby='toggle-toggle-id-2' role='region' class='toggle_wrap  av-title-above'  ><div class='toggle_content invers-color '  itemprop=\"text\" ><p>Unser Lager befindet sich in 72213 Altensteig-Spielberg, Auf der H\u00e4rte 1. Der Zugang ist \u00fcber die Kohlbergstrasse, ungef\u00e4hr in der Mitte der langen Halle auf der rechten Strassenseite ist unser Eingang.<\/p>\n<p>Dort befindet sich eine Schutzh\u00fctte, in die Sie Ihre Spende jederzeit reinlegen k\u00f6nnen.<\/p>\n<p>Am besten kommen Sie jedoch zu unseren \u00d6ffnungzeiten, dann k\u00f6nnen Sie Ihre Spende pers\u00f6nlich im Lager abgeben: Montags +\u00a0 Donnerstags von 9-12 Uhr, Dienstags von 14:30 &#8211; 16:30 Uhr.<\/p>\n<\/div><\/div><\/div><\/section>\n<section class='av_toggle_section av-mkpdydbe-cbd0387276528a94bb4ee4189ab88ec1'  itemscope=\"itemscope\" itemtype=\"https:\/\/schema.org\/CreativeWork\" ><div role=\"tablist\" class=\"single_toggle\" data-tags=\"{All} \"  ><p id='toggle-toggle-id-3' data-fake-id='#toggle-id-3' class='toggler  av-title-above '  itemprop=\"headline\"  role='tab' tabindex='0' aria-controls='toggle-id-3' data-slide-speed=\"200\" data-title=\"Wann kann ich meine Spende abgeben?\" data-title-open=\"\" data-aria_collapsed=\"Click to expand: Wann kann ich meine Spende abgeben?\" data-aria_expanded=\"Click to collapse: Wann kann ich meine Spende abgeben?\">Wann kann ich meine Spende abgeben?<span class=\"toggle_icon\"><span class=\"vert_icon\"><\/span><span class=\"hor_icon\"><\/span><\/span><\/p><div id='toggle-id-3' aria-labelledby='toggle-toggle-id-3' role='region' class='toggle_wrap  av-title-above'  ><div class='toggle_content invers-color '  itemprop=\"text\" ><p>Sie k\u00f6nnen Ihre Spende jederzeit, rund um die Uhr, in unsere Schutzh\u00fctte vor dem Lager reinlegen.<\/p>\n<p>Am besten kommen Sie jedoch zu unseren \u00d6ffnungzeiten, dann k\u00f6nnen Sie Ihre Spende pers\u00f6nlich im Lager abgeben: Montags +\u00a0 Donnerstags von 9-12 Uhr, Dienstags von 14:30 &#8211; 16:30 Uhr.<\/p>\n<\/div><\/div><\/div><\/section>\n<section class='av_toggle_section av-zgbo1m-44af51fef2dd27bdc6dae6a8b9086397'  itemscope=\"itemscope\" itemtype=\"https:\/\/schema.org\/CreativeWork\" ><div role=\"tablist\" class=\"single_toggle\" data-tags=\"{All} \"  ><p id='toggle-toggle-id-4' data-fake-id='#toggle-id-4' class='toggler  av-title-above '  itemprop=\"headline\"  role='tab' tabindex='0' aria-controls='toggle-id-4' data-slide-speed=\"200\" data-title=\"Welche Schattenseiten hat das Spenden von Kleidung\" data-title-open=\"\" data-aria_collapsed=\"Click to expand: Welche Schattenseiten hat das Spenden von Kleidung\" data-aria_expanded=\"Click to collapse: Welche Schattenseiten hat das Spenden von Kleidung\">Welche Schattenseiten hat das Spenden von Kleidung<span class=\"toggle_icon\"><span class=\"vert_icon\"><\/span><span class=\"hor_icon\"><\/span><\/span><\/p><div id='toggle-id-4' aria-labelledby='toggle-toggle-id-4' role='region' class='toggle_wrap  av-title-above'  ><div class='toggle_content invers-color '  itemprop=\"text\" ><p><span class=\"BxUVEf ILfuVd\" lang=\"de\"><span class=\"hgKElc pOOWX\">Wir nehmen nur guterhaltene, saubere und intakte Kleidung, die wir pers\u00f6nlich den Menschen in Not in Osteuropa weitergeben. Dreckige und kaputte Kleidung oder Kleidung minderwertiger Qualit\u00e4t sortieren wir aus. Wir achten die W\u00fcrde der Empf\u00e4nger und m\u00f6chten nur das weitergeben, was wir unseren Freunden in Deutschland auch schenken w\u00fcrden.<\/span><\/span><\/p>\n<\/div><\/div><\/div><\/section>\n<section class='av_toggle_section av-mkpe76vi-4cc4a0210d9b3399fed7ce664dafb77b'  itemscope=\"itemscope\" itemtype=\"https:\/\/schema.org\/CreativeWork\" ><div role=\"tablist\" class=\"single_toggle\" data-tags=\"{All} \"  ><p id='toggle-toggle-id-5' data-fake-id='#toggle-id-5' class='toggler  av-title-above '  itemprop=\"headline\"  role='tab' tabindex='0' aria-controls='toggle-id-5' data-slide-speed=\"200\" data-title=\"Wohin mit getragener Kleidung?\" data-title-open=\"\" data-aria_collapsed=\"Click to expand: Wohin mit getragener Kleidung?\" data-aria_expanded=\"Click to collapse: Wohin mit getragener Kleidung?\">Wohin mit getragener Kleidung?<span class=\"toggle_icon\"><span class=\"vert_icon\"><\/span><span class=\"hor_icon\"><\/span><\/span><\/p><div id='toggle-id-5' aria-labelledby='toggle-toggle-id-5' role='region' class='toggle_wrap  av-title-above'  ><div class='toggle_content invers-color '  itemprop=\"text\" ><p>Bei uns k\u00f6nnen Sie Ihre <span class=\"BxUVEf ILfuVd\" lang=\"de\"><span class=\"hgKElc pOOWX\">guterhaltene, saubere und intakte Kleidung abgeben. Wir geben sie dann pers\u00f6nlich den Menschen in Not in Osteuropa weiter. Dreckige und kaputte Kleidung oder Kleidung minderwertiger Qualit\u00e4t sortieren wir aus, f\u00fcr die Entsorgung enstehen uns auch Kosten. Achten Sie deshalb bitte darauf, nur gute und saubere Kleidung zu spenden.<\/span><\/span><\/p>\n<p><span class=\"BxUVEf ILfuVd\" lang=\"de\"><span class=\"hgKElc pOOWX\">Unser Motto: Wir achten die W\u00fcrde der Empf\u00e4nger und m\u00f6chten nur das weitergeben, was wir unseren Freunden in Deutschland auch schenken w\u00fcrden.<\/span><\/span><\/p>\n<\/div><\/div><\/div><\/section>\n<section class='av_toggle_section av-mkpe8nye-1f6d5670d57d12ed57a7aa64616d2e8c'  itemscope=\"itemscope\" itemtype=\"https:\/\/schema.org\/CreativeWork\" ><div role=\"tablist\" class=\"single_toggle\" data-tags=\"{All} \"  ><p id='toggle-toggle-id-6' data-fake-id='#toggle-id-6' class='toggler  av-title-above '  itemprop=\"headline\"  role='tab' tabindex='0' aria-controls='toggle-id-6' data-slide-speed=\"200\" data-title=\"Welche Kleider und Textilien kann ich spenden?\" data-title-open=\"\" data-aria_collapsed=\"Click to expand: Welche Kleider und Textilien kann ich spenden?\" data-aria_expanded=\"Click to collapse: Welche Kleider und Textilien kann ich spenden?\">Welche Kleider und Textilien kann ich spenden?<span class=\"toggle_icon\"><span class=\"vert_icon\"><\/span><span class=\"hor_icon\"><\/span><\/span><\/p><div id='toggle-id-6' aria-labelledby='toggle-toggle-id-6' role='region' class='toggle_wrap  av-title-above'  ><div class='toggle_content invers-color '  itemprop=\"text\" ><p>Wir nehmen guterhaltene und saubere Kleidung und Schuhe f\u00fcr Erwachsene und Kinder sowie Bettw\u00e4sche, Handt\u00fccher usw.<\/p>\n<\/div><\/div><\/div><\/section>\n<section class='av_toggle_section av-mkpebctp-256dcb0a1877afcaa1b51d5665bb7751'  itemscope=\"itemscope\" itemtype=\"https:\/\/schema.org\/CreativeWork\" ><div role=\"tablist\" class=\"single_toggle\" data-tags=\"{All} \"  ><p id='toggle-toggle-id-7' data-fake-id='#toggle-id-7' class='toggler  av-title-above '  itemprop=\"headline\"  role='tab' tabindex='0' aria-controls='toggle-id-7' data-slide-speed=\"200\" data-title=\"Sind Kleiderspenden an DHHN sinnvoll?\" data-title-open=\"\" data-aria_collapsed=\"Click to expand: Sind Kleiderspenden an DHHN sinnvoll?\" data-aria_expanded=\"Click to collapse: Sind Kleiderspenden an DHHN sinnvoll?\">Sind Kleiderspenden an DHHN sinnvoll?<span class=\"toggle_icon\"><span class=\"vert_icon\"><\/span><span class=\"hor_icon\"><\/span><\/span><\/p><div id='toggle-id-7' aria-labelledby='toggle-toggle-id-7' role='region' class='toggle_wrap  av-title-above'  ><div class='toggle_content invers-color '  itemprop=\"text\" ><p>Ja, absolut. Sofern Sie saubere und guterhaltene Kleidung spenden hilft das den bed\u00fcrftigen Menschen in Osteuropa, die wir versorgen, sehr. Und es hilft unserer Umwelt, da weniger M\u00fcll entsteht.<\/p>\n<\/div><\/div><\/div><\/section>\n<section class='av_toggle_section av-mkpeg57n-cd34993d7bb42c8822b46232b39fe488'  itemscope=\"itemscope\" itemtype=\"https:\/\/schema.org\/CreativeWork\" ><div role=\"tablist\" class=\"single_toggle\" data-tags=\"{All} \"  ><p id='toggle-toggle-id-8' data-fake-id='#toggle-id-8' class='toggler  av-title-above '  itemprop=\"headline\"  role='tab' tabindex='0' aria-controls='toggle-id-8' data-slide-speed=\"200\" data-title=\"Was sind eigentlich Hilfsg\u00fcter?\" data-title-open=\"\" data-aria_collapsed=\"Click to expand: Was sind eigentlich Hilfsg\u00fcter?\" data-aria_expanded=\"Click to collapse: Was sind eigentlich Hilfsg\u00fcter?\">Was sind eigentlich Hilfsg\u00fcter?<span class=\"toggle_icon\"><span class=\"vert_icon\"><\/span><span class=\"hor_icon\"><\/span><\/span><\/p><div id='toggle-id-8' aria-labelledby='toggle-toggle-id-8' role='region' class='toggle_wrap  av-title-above'  ><div class='toggle_content invers-color '  itemprop=\"text\" ><p>Hilfsg\u00fcter sind die Dinge, die Menschen in Not und Krisensituationen f\u00fcrs \u00dcberleben ben\u00f6tigen. Unser Schwerpunkt ist die Hilfe f\u00fcr Menschen in Not in Osteuropa, daf\u00fcr ben\u00f6tigen wir guterhaltene Kleidung und Schuhe, Bettdecken und Matratzen, Lebensmittel und Hygieneartikel, aber auch Holz\u00f6fen und Pflegebetten.<\/p>\n<p>Eine genaue Liste der Dinge, die wir den Menschen in Not bringen, finden Sie <a href=\"https:\/\/www.dhhn.de\/mitmachen\/sachspenden-und-kleiderspenden\/\" target=\"_blank\" rel=\"noopener\">hier<\/a> auf unserer Homepage<\/p>\n<\/div><\/div><\/div><\/section>\n<section class='av_toggle_section av-mkpektgc-37fc6847f6da840dd6dacacaf1313871'  itemscope=\"itemscope\" itemtype=\"https:\/\/schema.org\/CreativeWork\" ><div role=\"tablist\" class=\"single_toggle\" data-tags=\"{All} \"  ><p id='toggle-toggle-id-9' data-fake-id='#toggle-id-9' class='toggler  av-title-above '  itemprop=\"headline\"  role='tab' tabindex='0' aria-controls='toggle-id-9' data-slide-speed=\"200\" data-title=\"Wohin werden die Hilfsg\u00fcter gebracht?\" data-title-open=\"\" data-aria_collapsed=\"Click to expand: Wohin werden die Hilfsg\u00fcter gebracht?\" data-aria_expanded=\"Click to collapse: Wohin werden die Hilfsg\u00fcter gebracht?\">Wohin werden die Hilfsg\u00fcter gebracht?<span class=\"toggle_icon\"><span class=\"vert_icon\"><\/span><span class=\"hor_icon\"><\/span><\/span><\/p><div id='toggle-id-9' aria-labelledby='toggle-toggle-id-9' role='region' class='toggle_wrap  av-title-above'  ><div class='toggle_content invers-color '  itemprop=\"text\" ><p>Wir bringen Ihre gespendeten Hilfsg\u00fcter pers\u00f6nlich mit unseren eigenen Lkw und Fahrern nach Osteuropa. Zum Beispiel in die Ukraine, nach Albanien und Moldawien und in weitere L\u00e4nder. Vor Ort haben wir immer feste Ansprechpartner, mit denen wir scon siet vielen Jahren zusammenarbeiten und die wir gut kennen. So k\u00f6nnen wie sicherstellen, dass die Hilfe auch wirklich bei den Bed\u00fcrftigen ankommt!<\/p>\n<p><a href=\"https:\/\/www.dhhn.de\/en\/projekte\/\" target=\"_blank\" rel=\"noopener\">Hier<\/a> finden Sie unserer Projekte in Osteuropa, die wir mit Hilfsg\u00fctern versorgen.<\/p>\n<\/div><\/div><\/div><\/section>\n<section class='av_toggle_section av-mkpet7o4-3d7b43ab4330e7ce3e60f1709db234cc'  itemscope=\"itemscope\" itemtype=\"https:\/\/schema.org\/CreativeWork\" ><div role=\"tablist\" class=\"single_toggle\" data-tags=\"{All} \"  ><p id='toggle-toggle-id-10' data-fake-id='#toggle-id-10' class='toggler  av-title-above '  itemprop=\"headline\"  role='tab' tabindex='0' aria-controls='toggle-id-10' data-slide-speed=\"200\" data-title=\"Bringt DHHN auch Hilfsg\u00fcter direkt in die Ukraine?\" data-title-open=\"\" data-aria_collapsed=\"Click to expand: Bringt DHHN auch Hilfsg\u00fcter direkt in die Ukraine?\" data-aria_expanded=\"Click to collapse: Bringt DHHN auch Hilfsg\u00fcter direkt in die Ukraine?\">Bringt DHHN auch Hilfsg\u00fcter direkt in die Ukraine?<span class=\"toggle_icon\"><span class=\"vert_icon\"><\/span><span class=\"hor_icon\"><\/span><\/span><\/p><div id='toggle-id-10' aria-labelledby='toggle-toggle-id-10' role='region' class='toggle_wrap  av-title-above'  ><div class='toggle_content invers-color '  itemprop=\"text\" ><p>Ja, wir haben in der Ukraine zwei Projekte: Unser Jugendhaus und unser Dorfkrankenhaus. W\u00e4hrend des Krieges fahren wir im Schnitt jeden Monat einen Lkw voller Hilfsg\u00fcter pers\u00f6nlich direkt zu unseren Partnern in der Ukraine.<\/p>\n<\/div><\/div><\/div><\/section>\n<\/div>\n","protected":false},"excerpt":{"rendered":"","protected":false},"author":2,"featured_media":0,"parent":0,"menu_order":2,"comment_status":"closed","ping_status":"closed","template":"","meta":{"_bbp_topic_count":0,"_bbp_reply_count":0,"_bbp_total_topic_count":0,"_bbp_total_reply_count":0,"_bbp_voice_count":0,"_bbp_anonymous_reply_count":0,"_bbp_topic_count_hidden":0,"_bbp_reply_count_hidden":0,"_bbp_forum_subforum_count":0,"footnotes":""},"categories":[],"tags":[],"class_list":["post-34394","page","type-page","status-publish","hentry"],"_links":{"self":[{"href":"https:\/\/www.dhhn.de\/en\/wp-json\/wp\/v2\/pages\/34394","targetHints":{"allow":["GET"]}}],"collection":[{"href":"https:\/\/www.dhhn.de\/en\/wp-json\/wp\/v2\/pages"}],"about":[{"href":"https:\/\/www.dhhn.de\/en\/wp-json\/wp\/v2\/types\/page"}],"author":[{"embeddable":true,"href":"https:\/\/www.dhhn.de\/en\/wp-json\/wp\/v2\/users\/2"}],"replies":[{"embeddable":true,"href":"https:\/\/www.dhhn.de\/en\/wp-json\/wp\/v2\/comments?post=34394"}],"version-history":[{"count":10,"href":"https:\/\/www.dhhn.de\/en\/wp-json\/wp\/v2\/pages\/34394\/revisions"}],"predecessor-version":[{"id":34401,"href":"https:\/\/www.dhhn.de\/en\/wp-json\/wp\/v2\/pages\/34394\/revisions\/34401"}],"wp:attachment":[{"href":"https:\/\/www.dhhn.de\/en\/wp-json\/wp\/v2\/media?parent=34394"}],"wp:term":[{"taxonomy":"category","embeddable":true,"href":"https:\/\/www.dhhn.de\/en\/wp-json\/wp\/v2\/categories?post=34394"},{"taxonomy":"post_tag","embeddable":true,"href":"https:\/\/www.dhhn.de\/en\/wp-json\/wp\/v2\/tags?post=34394"}],"curies":[{"name":"wp","href":"https:\/\/api.w.org\/{rel}","templated":true}]}}