{"id":4148,"date":"2015-02-19T10:42:04","date_gmt":"2015-02-19T10:42:04","guid":{"rendered":"http:\/\/www.dhhn.de\/?page_id=4148"},"modified":"2015-02-19T10:42:04","modified_gmt":"2015-02-19T10:42:04","slug":"baueinsatz-bozed-rumaenien","status":"publish","type":"page","link":"https:\/\/www.dhhn.de\/en\/mitmachen\/praktisch-mit-anpacken\/baueinsatz-bozed-rumaenien\/","title":{"rendered":"Baueinsatz Bozed Rum\u00e4nien"},"content":{"rendered":"<p>Auch diesen Sommer wieder werden wir wieder mit einem Team zum praktischen Einsatz nach Rum\u00e4nien fahren.<\/p>\n<h3>Wohin gehen wir?<\/h3>\n<p>Unser Ziel ist das kleine Dorf Bozed, in der N\u00e4he der Stadt Tirgu Mures in Rum\u00e4nien.<\/p>\n<p>Bozed liegt am Ende der Stra\u00dfe in einer sch\u00f6nen h\u00fcgeligen Gegend. Hier starten Bernd und Fr\u00e4nzi ein missionarisches Projekt: Sie m\u00f6chten gestrandeten Personen, seien es Ex-h\u00e4ftlinge oder andere Leute, die mit dem Leben nicht zurechtkommen, helfen. Dazu gr\u00fcndet er einen landwirtschaftlichen Betrieb, in dem die Menschen praktisch angeleitet werden, was sie f\u00fcr ihren Unterhalt anbauen k\u00f6nnen und wie sie vor allem auf dem Weg mit Jesus weiter kommen.<\/p>\n<p><img loading=\"lazy\" decoding=\"async\" class=\"aligncenter size-full wp-image-2000\" src=\"https:\/\/www.dhhn.de\/wp-content\/uploads\/2014\/05\/DHHN-0169.jpg\" alt=\"DHHN-0169\" width=\"1030\" height=\"400\" srcset=\"https:\/\/www.dhhn.de\/wp-content\/uploads\/2014\/05\/DHHN-0169.jpg 1030w, https:\/\/www.dhhn.de\/wp-content\/uploads\/2014\/05\/DHHN-0169-300x116.jpg 300w, https:\/\/www.dhhn.de\/wp-content\/uploads\/2014\/05\/DHHN-0169-600x233.jpg 600w, https:\/\/www.dhhn.de\/wp-content\/uploads\/2014\/05\/DHHN-0169-705x273.jpg 705w, https:\/\/www.dhhn.de\/wp-content\/uploads\/2014\/05\/DHHN-0169-450x174.jpg 450w\" sizes=\"auto, (max-width: 1030px) 100vw, 1030px\" \/><\/p>\n<h3>Wie bringen wir uns ein?<\/h3>\n<ul>\n<li>Wir wollen Bernd und Fr\u00e4nzi ganz praktisch unterst\u00fctzen: Beim Renovieren des Hauses, bei der Arbeit auf dem Feld und bei allem, was sie f\u00fcr uns zu tun haben.<\/li>\n<li>Das Hauptprojekt ist dieses Jahr ein Anbau an das Wohnhaus von Bernd und Fr\u00e4nzi. Wir bauen mit nat\u00fcrlichen Werkstoffen: Holz, Stroh und Lehm. Ziel ist es, dass die Familie einen weiteren warmen Raum hat und ein kleines Bad. Des weiteren werden wir eine einfache Zentralheizung einbauen, damit die Rollers n\u00e4chsten Winter nicht mehr frieren m\u00fcssen.<\/li>\n<li>Wir wollen mit guten Taten ein positives Klima f\u00fcr Bernd und Fr\u00e4nzi im Dorf schaffen. Die Bewohner des Dorfes sollen sehen, dass sie uns nicht egal sind und durch unsere praktischen Taten Jesu Liebe erfahren. Das kann ganz praktisch M\u00fcll sammeln, Brunnen putzen oder Hilfe im Alltag sein.<\/li>\n<li>Wir m\u00f6chten uns auch um die Kinder k\u00fcmmern, vielleicht k\u00f6nnen wir jeden Tag ein\u00a0 Kinderprogramm anbieten.<\/li>\n<\/ul>\n<h3>Ablauf:<\/h3>\n<ul>\n<li>Im Vorfeld werden wir ein Vorbereitungs- und Kennenlern-Treffen haben.<\/li>\n<li>Vom 15. bis 30. August 2015 sind wir dann auf Tour in Rum\u00e4nien.\n<ul>\n<li>Am Wochenende planen wir einen Ausflugstag in Rum\u00e4nien. Wir wollen auch etwas von dem wundersch\u00f6nen Land sehen.<\/li>\n<li>Nat\u00fcrlich kommt der Spa\u00df nicht zu kurz, abends beim Baden im See, beim Ziegen versorgen, im Team \u2013 es gibt immer was zu lachen!<\/li>\n<\/ul>\n<\/li>\n<\/ul>\n<div id=\"attachment_2042\" style=\"width: 1040px\" class=\"wp-caption aligncenter\"><img loading=\"lazy\" decoding=\"async\" aria-describedby=\"caption-attachment-2042\" class=\"size-full wp-image-2042\" src=\"https:\/\/www.dhhn.de\/wp-content\/uploads\/2014\/05\/DHHN-0058.jpg\" alt=\"Bernd gibt einem Zicklein zu trinken, welches noch nicht bei der Mutter trinkt.\" width=\"1030\" height=\"400\" srcset=\"https:\/\/www.dhhn.de\/wp-content\/uploads\/2014\/05\/DHHN-0058.jpg 1030w, https:\/\/www.dhhn.de\/wp-content\/uploads\/2014\/05\/DHHN-0058-300x116.jpg 300w, https:\/\/www.dhhn.de\/wp-content\/uploads\/2014\/05\/DHHN-0058-600x233.jpg 600w, https:\/\/www.dhhn.de\/wp-content\/uploads\/2014\/05\/DHHN-0058-705x273.jpg 705w, https:\/\/www.dhhn.de\/wp-content\/uploads\/2014\/05\/DHHN-0058-450x174.jpg 450w\" sizes=\"auto, (max-width: 1030px) 100vw, 1030px\" \/><p id=\"caption-attachment-2042\" class=\"wp-caption-text\">Bernd gibt einem Zicklein zu trinken, welches noch nicht bei der Mutter trinkt.<\/p><\/div>\n<h3>Wen brauchen wir?<\/h3>\n<p>Junge und \u00e4ltere Menschen, M\u00e4nner und Frauen, die mindestens 15 Jahre alt sind, die ganz praktisch dienen und gleichzeitig viel Spa\u00df erleben m\u00f6chten. Menschen, die bereit sind, auf unseren westlichen Komfort zu verzichten und daf\u00fcr ganz andere erf\u00fcllende Dinge kennenlernen. Ideal ist, wenn Sie schon handwerkliche Erfahrung haben!<\/p>\n<h3>Kosten:<\/h3>\n<p>Der Einsatz wird voraussichtlich 300\u20ac kosten. Darin sind Anreise, Verpflegung und Unterkunft enthalten.<\/p>\n<h3>Anmeldung:<\/h3>\n<p>Sie m\u00f6chten mit? Klasse! Schreiben Sie mir ein kurzes Email an <a href=\"mailto:info@dhhn.de\">info@dhhn.de<\/a> und ich schicke Ihnen den Anmeldebogen und detaillierte Infos. Geleitet wird der Einsatz von Julian Kirschner<\/p>\n","protected":false},"excerpt":{"rendered":"<p>Auch diesen Sommer wieder werden wir wieder mit einem Team zum praktischen Einsatz nach Rum\u00e4nien fahren. Wohin gehen wir? Unser Ziel ist das kleine Dorf Bozed, in der N\u00e4he der Stadt Tirgu Mures in Rum\u00e4nien. Bozed liegt am Ende der Stra\u00dfe in einer sch\u00f6nen h\u00fcgeligen Gegend. Hier starten Bernd und Fr\u00e4nzi ein missionarisches Projekt: Sie [&hellip;]<\/p>\n","protected":false},"author":2,"featured_media":0,"parent":161,"menu_order":145,"comment_status":"open","ping_status":"closed","template":"","meta":{"_bbp_topic_count":0,"_bbp_reply_count":0,"_bbp_total_topic_count":0,"_bbp_total_reply_count":0,"_bbp_voice_count":0,"_bbp_anonymous_reply_count":0,"_bbp_topic_count_hidden":0,"_bbp_reply_count_hidden":0,"_bbp_forum_subforum_count":0,"footnotes":""},"categories":[],"tags":[],"class_list":["post-4148","page","type-page","status-publish","hentry"],"_links":{"self":[{"href":"https:\/\/www.dhhn.de\/en\/wp-json\/wp\/v2\/pages\/4148","targetHints":{"allow":["GET"]}}],"collection":[{"href":"https:\/\/www.dhhn.de\/en\/wp-json\/wp\/v2\/pages"}],"about":[{"href":"https:\/\/www.dhhn.de\/en\/wp-json\/wp\/v2\/types\/page"}],"author":[{"embeddable":true,"href":"https:\/\/www.dhhn.de\/en\/wp-json\/wp\/v2\/users\/2"}],"replies":[{"embeddable":true,"href":"https:\/\/www.dhhn.de\/en\/wp-json\/wp\/v2\/comments?post=4148"}],"version-history":[{"count":1,"href":"https:\/\/www.dhhn.de\/en\/wp-json\/wp\/v2\/pages\/4148\/revisions"}],"predecessor-version":[{"id":4149,"href":"https:\/\/www.dhhn.de\/en\/wp-json\/wp\/v2\/pages\/4148\/revisions\/4149"}],"up":[{"embeddable":true,"href":"https:\/\/www.dhhn.de\/en\/wp-json\/wp\/v2\/pages\/161"}],"wp:attachment":[{"href":"https:\/\/www.dhhn.de\/en\/wp-json\/wp\/v2\/media?parent=4148"}],"wp:term":[{"taxonomy":"category","embeddable":true,"href":"https:\/\/www.dhhn.de\/en\/wp-json\/wp\/v2\/categories?post=4148"},{"taxonomy":"post_tag","embeddable":true,"href":"https:\/\/www.dhhn.de\/en\/wp-json\/wp\/v2\/tags?post=4148"}],"curies":[{"name":"wp","href":"https:\/\/api.w.org\/{rel}","templated":true}]}}