{"id":5665,"date":"2015-12-04T14:12:33","date_gmt":"2015-12-04T14:12:33","guid":{"rendered":"http:\/\/www.dhhn.de\/?page_id=5665"},"modified":"2015-12-04T14:14:36","modified_gmt":"2015-12-04T14:14:36","slug":"kriesi-test","status":"publish","type":"page","link":"https:\/\/www.dhhn.de\/en\/kriesi-test\/","title":{"rendered":"kriesi test"},"content":{"rendered":"<div  class='av-alb-blogposts template-blog  '  itemscope=\"itemscope\" itemtype=\"https:\/\/schema.org\/Blog\" ><article class=\"post-entry post-entry-type-standard post-entry-34685 post-loop-1 post-parity-odd single-big with-slider post-34685 post type-post status-publish format-standard has-post-thumbnail hentry category-news\"  itemscope=\"itemscope\" itemtype=\"https:\/\/schema.org\/BlogPosting\" ><div class=\"blog-meta\"><\/div><div class='entry-content-wrapper clearfix standard-content'><header class=\"entry-content-header\" aria-label=\"Post: Konvoi der Hoffnung 60\"><div class=\"av-heading-wrapper\"><span class=\"blog-categories minor-meta\"><a href=\"https:\/\/www.dhhn.de\/en\/category\/news\/\" rel=\"tag\">news<\/a><\/span><h2 class='post-title entry-title '  itemprop=\"headline\" ><a href=\"https:\/\/www.dhhn.de\/en\/konvoi-der-hoffnung-60-5\/\" rel=\"bookmark\" title=\"Permanent Link: Konvoi der Hoffnung 60\">Konvoi der Hoffnung 60<span class=\"post-format-icon minor-meta\"><\/span><\/a><\/h2><\/div><\/header><span class=\"av-vertical-delimiter\"><\/span><div class=\"big-preview single-big\"  itemprop=\"image\" itemscope=\"itemscope\" itemtype=\"https:\/\/schema.org\/ImageObject\" ><a href=\"https:\/\/www.dhhn.de\/en\/konvoi-der-hoffnung-60-5\/\"  title=\"Kopie-von-Kopie-von-Kopie-von-Kopie-von-Kopie-von-Kopie-von-Kopie-von-Kopie_20260425_055446_0000.png\" ><img decoding=\"async\" loading=\"lazy\" width=\"845\" height=\"321\" src=\"https:\/\/www.dhhn.de\/wp-content\/uploads\/2026\/04\/Kopie-von-Kopie-von-Kopie-von-Kopie-von-Kopie-von-Kopie-von-Kopie-von-Kopie_20260425_055446_0000-845x321.png\" class=\"wp-image-34684 avia-img-lazy-loading-34684 attachment-entry_with_sidebar size-entry_with_sidebar wp-post-image\" alt=\"\" \/><\/a><\/div><div class=\"entry-content\"  itemprop=\"text\" >\n<p>Gestern ist es bei Dominik dann sehr gut gelaufen! Er ist von Ungarn durch \u00d6sterreich bis nach M\u00fcnchen gekommen. Heute wird er dann wieder daheim ankommen.<\/p>\n\n\n\n<figure class=\"wp-block-image size-large\"><img loading=\"lazy\" decoding=\"async\" width=\"1200\" height=\"1500\" src=\"https:\/\/www.dhhn.de\/wp-content\/uploads\/2026\/04\/Kopie-von-Kopie-von-Kopie-von-Kopie-von-Kopie-von-Kopie-von-Kopie-von-Kopie_20260425_055446_0000.png\" alt=\"\" class=\"wp-image-34684\" srcset=\"https:\/\/www.dhhn.de\/wp-content\/uploads\/2026\/04\/Kopie-von-Kopie-von-Kopie-von-Kopie-von-Kopie-von-Kopie-von-Kopie-von-Kopie_20260425_055446_0000.png 1200w, https:\/\/www.dhhn.de\/wp-content\/uploads\/2026\/04\/Kopie-von-Kopie-von-Kopie-von-Kopie-von-Kopie-von-Kopie-von-Kopie-von-Kopie_20260425_055446_0000-80x100.png 80w, https:\/\/www.dhhn.de\/wp-content\/uploads\/2026\/04\/Kopie-von-Kopie-von-Kopie-von-Kopie-von-Kopie-von-Kopie-von-Kopie-von-Kopie_20260425_055446_0000-768x960.png 768w, https:\/\/www.dhhn.de\/wp-content\/uploads\/2026\/04\/Kopie-von-Kopie-von-Kopie-von-Kopie-von-Kopie-von-Kopie-von-Kopie-von-Kopie_20260425_055446_0000-564x705.png 564w\" sizes=\"auto, (max-width: 1200px) 100vw, 1200px\" \/><\/figure>\n<\/div><span class=\"post-meta-infos\"><time class=\"date-container minor-meta updated\"  itemprop=\"datePublished\" datetime=\"2026-04-25T02:56:20+00:00\" >25. April 2026<\/time><span class=\"text-sep\">\/<\/span><span class=\"comment-container minor-meta\"><a href=\"https:\/\/www.dhhn.de\/en\/konvoi-der-hoffnung-60-5\/#respond\" class=\"comments-link\" >0 Comments<\/a><\/span><span class=\"text-sep\">\/<\/span><span class=\"blog-author minor-meta\">by <span class=\"entry-author-link\"  itemprop=\"author\" ><span class=\"author\"><span class=\"fn\"><a href=\"https:\/\/www.dhhn.de\/en\/author\/dhhn\/\" title=\"Posts by DHHN\" rel=\"author\">DHHN<\/a><\/span><\/span><\/span><\/span><\/span><footer class=\"entry-footer\"><\/footer><div class='post_delimiter'><\/div><\/div><div class=\"post_author_timeline\"><\/div><span class='hidden'>\n\t\t\t\t<span class='av-structured-data'  itemprop=\"image\" itemscope=\"itemscope\" itemtype=\"https:\/\/schema.org\/ImageObject\" >\n\t\t\t\t\t\t<span itemprop='url'>https:\/\/www.dhhn.de\/wp-content\/uploads\/2026\/04\/Kopie-von-Kopie-von-Kopie-von-Kopie-von-Kopie-von-Kopie-von-Kopie-von-Kopie_20260425_055446_0000.png<\/span>\n\t\t\t\t\t\t<span itemprop='height'>1500<\/span>\n\t\t\t\t\t\t<span itemprop='width'>1200<\/span>\n\t\t\t\t<\/span>\n\t\t\t\t<span class='av-structured-data'  itemprop=\"publisher\" itemtype=\"https:\/\/schema.org\/Organization\" itemscope=\"itemscope\" >\n\t\t\t\t\t\t<span itemprop='name'>DHHN<\/span>\n\t\t\t\t\t\t<span itemprop='logo' itemscope itemtype='https:\/\/schema.org\/ImageObject'>\n\t\t\t\t\t\t\t<span itemprop='url'>http:\/\/vorschau.dhhn.de\/wp-content\/uploads\/2014\/02\/DHHN-Logo-neu-2013gr.png<\/span>\n\t\t\t\t\t\t<\/span>\n\t\t\t\t<\/span><span class='av-structured-data'  itemprop=\"author\" itemscope=\"itemscope\" itemtype=\"https:\/\/schema.org\/Person\" ><span itemprop='name'>DHHN<\/span><\/span><span class='av-structured-data'  itemprop=\"datePublished\" datetime=\"2026-04-25T02:56:20+00:00\" >2026-04-25 02:56:20<\/span><span class='av-structured-data'  itemprop=\"dateModified\" itemtype=\"https:\/\/schema.org\/dateModified\" >2026-04-25 02:56:27<\/span><span class='av-structured-data'  itemprop=\"mainEntityOfPage\" itemtype=\"https:\/\/schema.org\/mainEntityOfPage\" ><span itemprop='name'>Konvoi der Hoffnung 60<\/span><\/span><\/span><\/article><article class=\"post-entry post-entry-type-standard post-entry-34682 post-loop-2 post-parity-even single-big with-slider post-34682 post type-post status-publish format-standard has-post-thumbnail hentry category-news\"  itemscope=\"itemscope\" itemtype=\"https:\/\/schema.org\/BlogPosting\" ><div class=\"blog-meta\"><\/div><div class='entry-content-wrapper clearfix standard-content'><header class=\"entry-content-header\" aria-label=\"Post: Konvoi der Hoffnung 60\"><div class=\"av-heading-wrapper\"><span class=\"blog-categories minor-meta\"><a href=\"https:\/\/www.dhhn.de\/en\/category\/news\/\" rel=\"tag\">news<\/a><\/span><h2 class='post-title entry-title '  itemprop=\"headline\" ><a href=\"https:\/\/www.dhhn.de\/en\/konvoi-der-hoffnung-60-4\/\" rel=\"bookmark\" title=\"Permanent Link: Konvoi der Hoffnung 60\">Konvoi der Hoffnung 60<span class=\"post-format-icon minor-meta\"><\/span><\/a><\/h2><\/div><\/header><span class=\"av-vertical-delimiter\"><\/span><div class=\"big-preview single-big\"  itemprop=\"image\" itemscope=\"itemscope\" itemtype=\"https:\/\/schema.org\/ImageObject\" ><a href=\"https:\/\/www.dhhn.de\/en\/konvoi-der-hoffnung-60-4\/\"  title=\"Kopie-von-Kopie-von-Kopie-von-Kopie-von-Kopie-von-Kopie-von-Kopie-von-Kopie_20260423_211906_0000.png\" ><img decoding=\"async\" loading=\"lazy\" width=\"845\" height=\"321\" src=\"https:\/\/www.dhhn.de\/wp-content\/uploads\/2026\/04\/Kopie-von-Kopie-von-Kopie-von-Kopie-von-Kopie-von-Kopie-von-Kopie-von-Kopie_20260423_211906_0000-845x321.png\" class=\"wp-image-34681 avia-img-lazy-loading-34681 attachment-entry_with_sidebar size-entry_with_sidebar wp-post-image\" alt=\"\" \/><\/a><\/div><div class=\"entry-content\"  itemprop=\"text\" >\n<p>Ich bin endlich in Ungarn. mach jetzt Feierabend. \ud83e\udd13 war mal ne andere R\u00fcckfahrt<br>Mit optimistischer 15Uhr f\u00fcr die Ausreise bei Echercha wurde ich gestern hochgradig entt\u00e4uscht. Es wurde immer sp\u00e4ter. letzlich fand ich mich gegen 2Uhr morgens nach etwas Schlaf endlich eingeladen zur Grenze zu kommen. Dort verbrachte ich weitere 1,5h ohne die geringste Bewegung. Schlie\u00dflich fasste ich den Entschluss, die kleine Grenze nach Ungarn anzufahren. 0min f\u00fcr die Einreise stand in Echercha. Dort angekommen wurde ich wieder entt\u00e4uscht. Der Ungare kann keine Frigos r\u00f6ntgen, deswegen gehts leider nicht. Alle anderen Lkw w\u00e4ren kein Problem solange sie eben leer sind. <br>Nun. Zur\u00fcck nach Chop w\u00fcrde bedeuten neu anmelden mit 12h Wartezeit mit gleichem ausgang wie zuvor. Oder 1h fahrt zur Grenze nach Helmeu. Dort sinds auch 0min.<br>Also bin ich dort hingefahren. Mega nette und schnelle Abfertigung. Den kleinen Schlenker \u00fcber Satu Mare direkt dann nach Ungarn. Jetzt steh ich bei Mez\u00f6k\u00f6vesd und hab meine Schichtzeit voll.<\/p>\n\n\n\n<figure class=\"wp-block-image size-large\"><img loading=\"lazy\" decoding=\"async\" width=\"1200\" height=\"1500\" src=\"https:\/\/www.dhhn.de\/wp-content\/uploads\/2026\/04\/Kopie-von-Kopie-von-Kopie-von-Kopie-von-Kopie-von-Kopie-von-Kopie-von-Kopie_20260423_211906_0000.png\" alt=\"\" class=\"wp-image-34681\" srcset=\"https:\/\/www.dhhn.de\/wp-content\/uploads\/2026\/04\/Kopie-von-Kopie-von-Kopie-von-Kopie-von-Kopie-von-Kopie-von-Kopie-von-Kopie_20260423_211906_0000.png 1200w, https:\/\/www.dhhn.de\/wp-content\/uploads\/2026\/04\/Kopie-von-Kopie-von-Kopie-von-Kopie-von-Kopie-von-Kopie-von-Kopie-von-Kopie_20260423_211906_0000-80x100.png 80w, https:\/\/www.dhhn.de\/wp-content\/uploads\/2026\/04\/Kopie-von-Kopie-von-Kopie-von-Kopie-von-Kopie-von-Kopie-von-Kopie-von-Kopie_20260423_211906_0000-768x960.png 768w, https:\/\/www.dhhn.de\/wp-content\/uploads\/2026\/04\/Kopie-von-Kopie-von-Kopie-von-Kopie-von-Kopie-von-Kopie-von-Kopie-von-Kopie_20260423_211906_0000-564x705.png 564w\" sizes=\"auto, (max-width: 1200px) 100vw, 1200px\" \/><\/figure>\n\n\n\n<figure class=\"wp-block-image\"><img loading=\"lazy\" decoding=\"async\" width=\"1200\" height=\"1500\" src=\"https:\/\/www.dhhn.de\/wp-content\/uploads\/2026\/04\/Kopie-von-Kopie-von-Kopie-von-Kopie-von-Kopie-von-Kopie-von-Kopie-von-Kopie_20260423_211906_0001.png\" alt=\"\" class=\"wp-image-34680\" srcset=\"https:\/\/www.dhhn.de\/wp-content\/uploads\/2026\/04\/Kopie-von-Kopie-von-Kopie-von-Kopie-von-Kopie-von-Kopie-von-Kopie-von-Kopie_20260423_211906_0001.png 1200w, https:\/\/www.dhhn.de\/wp-content\/uploads\/2026\/04\/Kopie-von-Kopie-von-Kopie-von-Kopie-von-Kopie-von-Kopie-von-Kopie-von-Kopie_20260423_211906_0001-80x100.png 80w, https:\/\/www.dhhn.de\/wp-content\/uploads\/2026\/04\/Kopie-von-Kopie-von-Kopie-von-Kopie-von-Kopie-von-Kopie-von-Kopie-von-Kopie_20260423_211906_0001-768x960.png 768w, https:\/\/www.dhhn.de\/wp-content\/uploads\/2026\/04\/Kopie-von-Kopie-von-Kopie-von-Kopie-von-Kopie-von-Kopie-von-Kopie-von-Kopie_20260423_211906_0001-564x705.png 564w\" sizes=\"auto, (max-width: 1200px) 100vw, 1200px\" \/><\/figure>\n<\/div><span class=\"post-meta-infos\"><time class=\"date-container minor-meta updated\"  itemprop=\"datePublished\" datetime=\"2026-04-23T18:20:22+00:00\" >23. April 2026<\/time><span class=\"text-sep\">\/<\/span><span class=\"comment-container minor-meta\"><a href=\"https:\/\/www.dhhn.de\/en\/konvoi-der-hoffnung-60-4\/#respond\" class=\"comments-link\" >0 Comments<\/a><\/span><span class=\"text-sep\">\/<\/span><span class=\"blog-author minor-meta\">by <span class=\"entry-author-link\"  itemprop=\"author\" ><span class=\"author\"><span class=\"fn\"><a href=\"https:\/\/www.dhhn.de\/en\/author\/dhhn\/\" title=\"Posts by DHHN\" rel=\"author\">DHHN<\/a><\/span><\/span><\/span><\/span><\/span><footer class=\"entry-footer\"><\/footer><div class='post_delimiter'><\/div><\/div><div class=\"post_author_timeline\"><\/div><span class='hidden'>\n\t\t\t\t<span class='av-structured-data'  itemprop=\"image\" itemscope=\"itemscope\" itemtype=\"https:\/\/schema.org\/ImageObject\" >\n\t\t\t\t\t\t<span itemprop='url'>https:\/\/www.dhhn.de\/wp-content\/uploads\/2026\/04\/Kopie-von-Kopie-von-Kopie-von-Kopie-von-Kopie-von-Kopie-von-Kopie-von-Kopie_20260423_211906_0000.png<\/span>\n\t\t\t\t\t\t<span itemprop='height'>1500<\/span>\n\t\t\t\t\t\t<span itemprop='width'>1200<\/span>\n\t\t\t\t<\/span>\n\t\t\t\t<span class='av-structured-data'  itemprop=\"publisher\" itemtype=\"https:\/\/schema.org\/Organization\" itemscope=\"itemscope\" >\n\t\t\t\t\t\t<span itemprop='name'>DHHN<\/span>\n\t\t\t\t\t\t<span itemprop='logo' itemscope itemtype='https:\/\/schema.org\/ImageObject'>\n\t\t\t\t\t\t\t<span itemprop='url'>http:\/\/vorschau.dhhn.de\/wp-content\/uploads\/2014\/02\/DHHN-Logo-neu-2013gr.png<\/span>\n\t\t\t\t\t\t<\/span>\n\t\t\t\t<\/span><span class='av-structured-data'  itemprop=\"author\" itemscope=\"itemscope\" itemtype=\"https:\/\/schema.org\/Person\" ><span itemprop='name'>DHHN<\/span><\/span><span class='av-structured-data'  itemprop=\"datePublished\" datetime=\"2026-04-23T18:20:22+00:00\" >2026-04-23 18:20:22<\/span><span class='av-structured-data'  itemprop=\"dateModified\" itemtype=\"https:\/\/schema.org\/dateModified\" >2026-04-23 18:20:30<\/span><span class='av-structured-data'  itemprop=\"mainEntityOfPage\" itemtype=\"https:\/\/schema.org\/mainEntityOfPage\" ><span itemprop='name'>Konvoi der Hoffnung 60<\/span><\/span><\/span><\/article><article class=\"post-entry post-entry-type-standard post-entry-34678 post-loop-3 post-parity-odd post-entry-last single-big with-slider post-34678 post type-post status-publish format-standard has-post-thumbnail hentry category-news\"  itemscope=\"itemscope\" itemtype=\"https:\/\/schema.org\/BlogPosting\" ><div class=\"blog-meta\"><\/div><div class='entry-content-wrapper clearfix standard-content'><header class=\"entry-content-header\" aria-label=\"Post: Konvoi der Hoffnung 60\"><div class=\"av-heading-wrapper\"><span class=\"blog-categories minor-meta\"><a href=\"https:\/\/www.dhhn.de\/en\/category\/news\/\" rel=\"tag\">news<\/a><\/span><h2 class='post-title entry-title '  itemprop=\"headline\" ><a href=\"https:\/\/www.dhhn.de\/en\/konvoi-der-hoffnung-60-3\/\" rel=\"bookmark\" title=\"Permanent Link: Konvoi der Hoffnung 60\">Konvoi der Hoffnung 60<span class=\"post-format-icon minor-meta\"><\/span><\/a><\/h2><\/div><\/header><span class=\"av-vertical-delimiter\"><\/span><div class=\"big-preview single-big\"  itemprop=\"image\" itemscope=\"itemscope\" itemtype=\"https:\/\/schema.org\/ImageObject\" ><a href=\"https:\/\/www.dhhn.de\/en\/konvoi-der-hoffnung-60-3\/\"  title=\"Kopie-von-Kopie-von-Kopie-von-Kopie-von-Kopie-von-Kopie-von-Kopie-von-Kopie_20260422_214151_0000.png\" ><img decoding=\"async\" loading=\"lazy\" width=\"845\" height=\"321\" src=\"https:\/\/www.dhhn.de\/wp-content\/uploads\/2026\/04\/Kopie-von-Kopie-von-Kopie-von-Kopie-von-Kopie-von-Kopie-von-Kopie-von-Kopie_20260422_214151_0000-845x321.png\" class=\"wp-image-34677 avia-img-lazy-loading-34677 attachment-entry_with_sidebar size-entry_with_sidebar wp-post-image\" alt=\"\" \/><\/a><\/div><div class=\"entry-content\"  itemprop=\"text\" >\n<p>Dominik ist heute gut in der Ukraine angekommen und die Jungs vom Waisenhaus haben mit viel Freude die Hilfsg\u00fcter abgeladen.<br>Vermutlich ist er gerade an der Grenze auf der R\u00fcckfahrt nach Ungarn.<\/p>\n\n\n\n<figure class=\"wp-block-image size-large\"><img loading=\"lazy\" decoding=\"async\" width=\"1200\" height=\"1500\" src=\"https:\/\/www.dhhn.de\/wp-content\/uploads\/2026\/04\/Kopie-von-Kopie-von-Kopie-von-Kopie-von-Kopie-von-Kopie-von-Kopie-von-Kopie_20260422_214151_0000.png\" alt=\"\" class=\"wp-image-34677\" srcset=\"https:\/\/www.dhhn.de\/wp-content\/uploads\/2026\/04\/Kopie-von-Kopie-von-Kopie-von-Kopie-von-Kopie-von-Kopie-von-Kopie-von-Kopie_20260422_214151_0000.png 1200w, https:\/\/www.dhhn.de\/wp-content\/uploads\/2026\/04\/Kopie-von-Kopie-von-Kopie-von-Kopie-von-Kopie-von-Kopie-von-Kopie-von-Kopie_20260422_214151_0000-80x100.png 80w, https:\/\/www.dhhn.de\/wp-content\/uploads\/2026\/04\/Kopie-von-Kopie-von-Kopie-von-Kopie-von-Kopie-von-Kopie-von-Kopie-von-Kopie_20260422_214151_0000-768x960.png 768w, https:\/\/www.dhhn.de\/wp-content\/uploads\/2026\/04\/Kopie-von-Kopie-von-Kopie-von-Kopie-von-Kopie-von-Kopie-von-Kopie-von-Kopie_20260422_214151_0000-564x705.png 564w\" sizes=\"auto, (max-width: 1200px) 100vw, 1200px\" \/><\/figure>\n<\/div><span class=\"post-meta-infos\"><time class=\"date-container minor-meta updated\"  itemprop=\"datePublished\" datetime=\"2026-04-22T18:42:49+00:00\" >22. April 2026<\/time><span class=\"text-sep\">\/<\/span><span class=\"comment-container minor-meta\"><a href=\"https:\/\/www.dhhn.de\/en\/konvoi-der-hoffnung-60-3\/#respond\" class=\"comments-link\" >0 Comments<\/a><\/span><span class=\"text-sep\">\/<\/span><span class=\"blog-author minor-meta\">by <span class=\"entry-author-link\"  itemprop=\"author\" ><span class=\"author\"><span class=\"fn\"><a href=\"https:\/\/www.dhhn.de\/en\/author\/dhhn\/\" title=\"Posts by DHHN\" rel=\"author\">DHHN<\/a><\/span><\/span><\/span><\/span><\/span><footer class=\"entry-footer\"><\/footer><div class='post_delimiter'><\/div><\/div><div class=\"post_author_timeline\"><\/div><span class='hidden'>\n\t\t\t\t<span class='av-structured-data'  itemprop=\"image\" itemscope=\"itemscope\" itemtype=\"https:\/\/schema.org\/ImageObject\" >\n\t\t\t\t\t\t<span itemprop='url'>https:\/\/www.dhhn.de\/wp-content\/uploads\/2026\/04\/Kopie-von-Kopie-von-Kopie-von-Kopie-von-Kopie-von-Kopie-von-Kopie-von-Kopie_20260422_214151_0000.png<\/span>\n\t\t\t\t\t\t<span itemprop='height'>1500<\/span>\n\t\t\t\t\t\t<span itemprop='width'>1200<\/span>\n\t\t\t\t<\/span>\n\t\t\t\t<span class='av-structured-data'  itemprop=\"publisher\" itemtype=\"https:\/\/schema.org\/Organization\" itemscope=\"itemscope\" >\n\t\t\t\t\t\t<span itemprop='name'>DHHN<\/span>\n\t\t\t\t\t\t<span itemprop='logo' itemscope itemtype='https:\/\/schema.org\/ImageObject'>\n\t\t\t\t\t\t\t<span itemprop='url'>http:\/\/vorschau.dhhn.de\/wp-content\/uploads\/2014\/02\/DHHN-Logo-neu-2013gr.png<\/span>\n\t\t\t\t\t\t<\/span>\n\t\t\t\t<\/span><span class='av-structured-data'  itemprop=\"author\" itemscope=\"itemscope\" itemtype=\"https:\/\/schema.org\/Person\" ><span itemprop='name'>DHHN<\/span><\/span><span class='av-structured-data'  itemprop=\"datePublished\" datetime=\"2026-04-22T18:42:49+00:00\" >2026-04-22 18:42:49<\/span><span class='av-structured-data'  itemprop=\"dateModified\" itemtype=\"https:\/\/schema.org\/dateModified\" >2026-04-22 18:42:53<\/span><span class='av-structured-data'  itemprop=\"mainEntityOfPage\" itemtype=\"https:\/\/schema.org\/mainEntityOfPage\" ><span itemprop='name'>Konvoi der Hoffnung 60<\/span><\/span><\/span><\/article><div class='single-big'><nav class='pagination'><span class='pagination-meta'>Page 1 of 422<\/span><span class='current'>1<\/span><a href='https:\/\/www.dhhn.de\/en\/wp-json\/wp\/v2\/pages\/5665\/page\/2\/' class='inactive next_page' >2<\/a><a href='https:\/\/www.dhhn.de\/en\/wp-json\/wp\/v2\/pages\/5665\/page\/3\/' class='inactive' >3<\/a><a href='https:\/\/www.dhhn.de\/en\/wp-json\/wp\/v2\/pages\/5665\/page\/2\/'>&rsaquo;<\/a><a href='https:\/\/www.dhhn.de\/en\/wp-json\/wp\/v2\/pages\/5665\/page\/422\/'>&raquo;<\/a><\/nav>\n<\/div><\/div>\n","protected":false},"excerpt":{"rendered":"","protected":false},"author":66,"featured_media":0,"parent":0,"menu_order":219,"comment_status":"closed","ping_status":"closed","template":"","meta":{"_bbp_topic_count":0,"_bbp_reply_count":0,"_bbp_total_topic_count":0,"_bbp_total_reply_count":0,"_bbp_voice_count":0,"_bbp_anonymous_reply_count":0,"_bbp_topic_count_hidden":0,"_bbp_reply_count_hidden":0,"_bbp_forum_subforum_count":0,"footnotes":""},"categories":[],"tags":[],"class_list":["post-5665","page","type-page","status-publish","hentry"],"_links":{"self":[{"href":"https:\/\/www.dhhn.de\/en\/wp-json\/wp\/v2\/pages\/5665","targetHints":{"allow":["GET"]}}],"collection":[{"href":"https:\/\/www.dhhn.de\/en\/wp-json\/wp\/v2\/pages"}],"about":[{"href":"https:\/\/www.dhhn.de\/en\/wp-json\/wp\/v2\/types\/page"}],"author":[{"embeddable":true,"href":"https:\/\/www.dhhn.de\/en\/wp-json\/wp\/v2\/users\/66"}],"replies":[{"embeddable":true,"href":"https:\/\/www.dhhn.de\/en\/wp-json\/wp\/v2\/comments?post=5665"}],"version-history":[{"count":4,"href":"https:\/\/www.dhhn.de\/en\/wp-json\/wp\/v2\/pages\/5665\/revisions"}],"predecessor-version":[{"id":5670,"href":"https:\/\/www.dhhn.de\/en\/wp-json\/wp\/v2\/pages\/5665\/revisions\/5670"}],"wp:attachment":[{"href":"https:\/\/www.dhhn.de\/en\/wp-json\/wp\/v2\/media?parent=5665"}],"wp:term":[{"taxonomy":"category","embeddable":true,"href":"https:\/\/www.dhhn.de\/en\/wp-json\/wp\/v2\/categories?post=5665"},{"taxonomy":"post_tag","embeddable":true,"href":"https:\/\/www.dhhn.de\/en\/wp-json\/wp\/v2\/tags?post=5665"}],"curies":[{"name":"wp","href":"https:\/\/api.w.org\/{rel}","templated":true}]}}